{"id":41211,"date":"2026-02-11T20:37:21","date_gmt":"2026-02-11T18:37:21","guid":{"rendered":"https:\/\/mahifi.se\/?page_id=41211"},"modified":"2026-02-11T20:51:23","modified_gmt":"2026-02-11T18:51:23","slug":"stotta-mahifi","status":"publish","type":"page","link":"https:\/\/mahifi.se\/?page_id=41211","title":{"rendered":"St\u00f6tta Mahifi"},"content":{"rendered":"\t\t<div data-elementor-type=\"wp-page\" data-elementor-id=\"41211\" class=\"elementor elementor-41211\">\n\t\t\t\t\t\t<section class=\"elementor-section elementor-top-section elementor-element elementor-element-b47039f elementor-section-boxed elementor-section-height-default elementor-section-height-default\" data-id=\"b47039f\" data-element_type=\"section\" data-e-type=\"section\" data-settings=\"{&quot;background_background&quot;:&quot;gradient&quot;}\">\n\t\t\t\t\t\t<div class=\"elementor-container elementor-column-gap-default\">\n\t\t\t\t\t<div class=\"elementor-column elementor-col-100 elementor-top-column elementor-element elementor-element-7e49c5f\" data-id=\"7e49c5f\" data-element_type=\"column\" data-e-type=\"column\">\n\t\t\t<div class=\"elementor-widget-wrap elementor-element-populated\">\n\t\t\t\t\t\t<div class=\"elementor-element elementor-element-e61b577 elementor-widget elementor-widget-heading\" data-id=\"e61b577\" data-element_type=\"widget\" data-e-type=\"widget\" data-widget_type=\"heading.default\">\n\t\t\t\t<div class=\"elementor-widget-container\">\n\t\t\t\t\t<h2 class=\"elementor-heading-title elementor-size-default\">St\u00f6tta Mahifi <\/h2>\t\t\t\t<\/div>\n\t\t\t\t<\/div>\n\t\t\t\t\t<\/div>\n\t\t<\/div>\n\t\t\t\t\t<\/div>\n\t\t<\/section>\n\t\t\t\t<section class=\"elementor-section elementor-top-section elementor-element elementor-element-6b894f8 elementor-section-boxed elementor-section-height-default elementor-section-height-default\" data-id=\"6b894f8\" data-element_type=\"section\" data-e-type=\"section\">\n\t\t\t\t\t\t<div class=\"elementor-container elementor-column-gap-default\">\n\t\t\t\t\t<div class=\"elementor-column elementor-col-50 elementor-top-column elementor-element elementor-element-adb7839\" data-id=\"adb7839\" data-element_type=\"column\" data-e-type=\"column\">\n\t\t\t<div class=\"elementor-widget-wrap elementor-element-populated\">\n\t\t\t\t\t\t<div class=\"elementor-element elementor-element-e8b1de1 elementor-widget elementor-widget-text-editor\" data-id=\"e8b1de1\" data-element_type=\"widget\" data-e-type=\"widget\" data-widget_type=\"text-editor.default\">\n\t\t\t\t<div class=\"elementor-widget-container\">\n\t\t\t\t\t\t\t\t\t<p>Mahifi.se kommer aldrig bli n\u00e5got vinstdrivande projekt s\u00e5l\u00e4nge Joakim Jidestr\u00f6m \u00e4r administrat\u00f6r f\u00f6r hemsidan. Hemsidan kommer aldrig anv\u00e4nda reklam eller annan marknadsf\u00f6ring f\u00f6r att dra in pengar. Jag har sett detta projekt som ideellt fr\u00e5n b\u00f6rjan och det kommer fortg\u00e5 s\u00e5. Om du d\u00e4remot k\u00e4nner att du vill st\u00f6tta Mahifi:s forts\u00e4ttning och framtida utveckling kan du swisha en valfri summa som en uppmuntran att jag ska forts\u00e4tta producera och utveckla material och dela med mig av det.\u00a0<\/p><p>\u00a0<\/p>\t\t\t\t\t\t\t\t<\/div>\n\t\t\t\t<\/div>\n\t\t\t\t\t<\/div>\n\t\t<\/div>\n\t\t\t\t<div class=\"elementor-column elementor-col-50 elementor-top-column elementor-element elementor-element-773926e\" data-id=\"773926e\" data-element_type=\"column\" data-e-type=\"column\">\n\t\t\t<div class=\"elementor-widget-wrap elementor-element-populated\">\n\t\t\t\t\t\t<div class=\"elementor-element elementor-element-5fd3c2a elementor-widget elementor-widget-image\" data-id=\"5fd3c2a\" data-element_type=\"widget\" data-e-type=\"widget\" data-widget_type=\"image.default\">\n\t\t\t\t<div class=\"elementor-widget-container\">\n\t\t\t\t\t\t\t\t\t\t\t\t\t\t\t<img fetchpriority=\"high\" decoding=\"async\" width=\"654\" height=\"654\" src=\"https:\/\/mahifi.se\/wp-content\/uploads\/2026\/02\/Swishbild.jpg\" class=\"attachment-large size-large wp-image-41210\" alt=\"\" srcset=\"https:\/\/mahifi.se\/wp-content\/uploads\/2026\/02\/Swishbild.jpg 654w, https:\/\/mahifi.se\/wp-content\/uploads\/2026\/02\/Swishbild-300x300.jpg 300w, https:\/\/mahifi.se\/wp-content\/uploads\/2026\/02\/Swishbild-150x150.jpg 150w\" sizes=\"(max-width: 654px) 100vw, 654px\" \/>\t\t\t\t\t\t\t\t\t\t\t\t\t\t\t<\/div>\n\t\t\t\t<\/div>\n\t\t\t\t\t<\/div>\n\t\t<\/div>\n\t\t\t\t\t<\/div>\n\t\t<\/section>\n\t\t\t\t<\/div>\n\t\t","protected":false},"excerpt":{"rendered":"<p>St\u00f6tta Mahifi Mahifi.se kommer aldrig bli n\u00e5got vinstdrivande projekt s\u00e5l\u00e4nge Joakim Jidestr\u00f6m \u00e4r administrat\u00f6r f\u00f6r hemsidan. Hemsidan kommer aldrig anv\u00e4nda reklam eller annan marknadsf\u00f6ring f\u00f6r att dra in pengar. Jag har sett detta projekt som ideellt fr\u00e5n b\u00f6rjan och det kommer fortg\u00e5 s\u00e5. Om du d\u00e4remot k\u00e4nner att du vill st\u00f6tta Mahifi:s forts\u00e4ttning och framtida [&hellip;]<\/p>\n","protected":false},"author":1,"featured_media":0,"parent":0,"menu_order":0,"comment_status":"closed","ping_status":"closed","template":"","meta":{"om_disable_all_campaigns":false,"_uag_custom_page_level_css":"","_monsterinsights_skip_tracking":false,"_monsterinsights_sitenote_active":false,"_monsterinsights_sitenote_note":"","_monsterinsights_sitenote_category":0,"site-sidebar-layout":"no-sidebar","site-content-layout":"page-builder","ast-site-content-layout":"full-width-container","site-content-style":"default","site-sidebar-style":"default","ast-global-header-display":"","ast-banner-title-visibility":"","ast-main-header-display":"","ast-hfb-above-header-display":"","ast-hfb-below-header-display":"","ast-hfb-mobile-header-display":"","site-post-title":"disabled","ast-breadcrumbs-content":"","ast-featured-img":"disabled","footer-sml-layout":"","ast-disable-related-posts":"","theme-transparent-header-meta":"","adv-header-id-meta":"","stick-header-meta":"","header-above-stick-meta":"","header-main-stick-meta":"","header-below-stick-meta":"","astra-migrate-meta-layouts":"set","ast-page-background-enabled":"default","ast-page-background-meta":{"desktop":{"background-color":"","background-image":"","background-repeat":"repeat","background-position":"center center","background-size":"auto","background-attachment":"scroll","background-type":"","background-media":"","overlay-type":"","overlay-color":"","overlay-opacity":"","overlay-gradient":""},"tablet":{"background-color":"","background-image":"","background-repeat":"repeat","background-position":"center center","background-size":"auto","background-attachment":"scroll","background-type":"","background-media":"","overlay-type":"","overlay-color":"","overlay-opacity":"","overlay-gradient":""},"mobile":{"background-color":"","background-image":"","background-repeat":"repeat","background-position":"center center","background-size":"auto","background-attachment":"scroll","background-type":"","background-media":"","overlay-type":"","overlay-color":"","overlay-opacity":"","overlay-gradient":""}},"ast-content-background-meta":{"desktop":{"background-color":"var(--ast-global-color-5)","background-image":"","background-repeat":"repeat","background-position":"center center","background-size":"auto","background-attachment":"scroll","background-type":"","background-media":"","overlay-type":"","overlay-color":"","overlay-opacity":"","overlay-gradient":""},"tablet":{"background-color":"var(--ast-global-color-5)","background-image":"","background-repeat":"repeat","background-position":"center center","background-size":"auto","background-attachment":"scroll","background-type":"","background-media":"","overlay-type":"","overlay-color":"","overlay-opacity":"","overlay-gradient":""},"mobile":{"background-color":"var(--ast-global-color-5)","background-image":"","background-repeat":"repeat","background-position":"center center","background-size":"auto","background-attachment":"scroll","background-type":"","background-media":"","overlay-type":"","overlay-color":"","overlay-opacity":"","overlay-gradient":""}},"footnotes":""},"class_list":["post-41211","page","type-page","status-publish","hentry"],"aioseo_notices":[],"uagb_featured_image_src":{"full":false,"thumbnail":false,"medium":false,"medium_large":false,"large":false,"1536x1536":false,"2048x2048":false},"uagb_author_info":{"display_name":"joji9555@hotmail.com","author_link":"https:\/\/mahifi.se\/?author=1"},"uagb_comment_info":0,"uagb_excerpt":"St\u00f6tta Mahifi Mahifi.se kommer aldrig bli n\u00e5got vinstdrivande projekt s\u00e5l\u00e4nge Joakim Jidestr\u00f6m \u00e4r administrat\u00f6r f\u00f6r hemsidan. Hemsidan kommer aldrig anv\u00e4nda reklam eller annan marknadsf\u00f6ring f\u00f6r att dra in pengar. Jag har sett detta projekt som ideellt fr\u00e5n b\u00f6rjan och det kommer fortg\u00e5 s\u00e5. Om du d\u00e4remot k\u00e4nner att du vill st\u00f6tta Mahifi:s forts\u00e4ttning och framtida&hellip;","_links":{"self":[{"href":"https:\/\/mahifi.se\/index.php?rest_route=\/wp\/v2\/pages\/41211","targetHints":{"allow":["GET"]}}],"collection":[{"href":"https:\/\/mahifi.se\/index.php?rest_route=\/wp\/v2\/pages"}],"about":[{"href":"https:\/\/mahifi.se\/index.php?rest_route=\/wp\/v2\/types\/page"}],"author":[{"embeddable":true,"href":"https:\/\/mahifi.se\/index.php?rest_route=\/wp\/v2\/users\/1"}],"replies":[{"embeddable":true,"href":"https:\/\/mahifi.se\/index.php?rest_route=%2Fwp%2Fv2%2Fcomments&post=41211"}],"version-history":[{"count":7,"href":"https:\/\/mahifi.se\/index.php?rest_route=\/wp\/v2\/pages\/41211\/revisions"}],"predecessor-version":[{"id":41218,"href":"https:\/\/mahifi.se\/index.php?rest_route=\/wp\/v2\/pages\/41211\/revisions\/41218"}],"wp:attachment":[{"href":"https:\/\/mahifi.se\/index.php?rest_route=%2Fwp%2Fv2%2Fmedia&parent=41211"}],"curies":[{"name":"wp","href":"https:\/\/api.w.org\/{rel}","templated":true}]}}