{"id":30028,"date":"2023-04-02T12:53:15","date_gmt":"2023-04-02T10:53:15","guid":{"rendered":"https:\/\/mahifi.se\/?page_id=30028"},"modified":"2024-07-28T13:33:47","modified_gmt":"2024-07-28T11:33:47","slug":"kallovning-1b-medeltiden-och-renassansen","status":"publish","type":"page","link":"https:\/\/mahifi.se\/?page_id=30028","title":{"rendered":"Medeltiden och ren\u00e4ssansen"},"content":{"rendered":"\t\t<div data-elementor-type=\"wp-page\" data-elementor-id=\"30028\" class=\"elementor elementor-30028\">\n\t\t\t\t\t\t<section class=\"elementor-section elementor-top-section elementor-element elementor-element-8b60227 elementor-section-boxed elementor-section-height-default elementor-section-height-default\" data-id=\"8b60227\" data-element_type=\"section\" data-e-type=\"section\" data-settings=\"{&quot;background_background&quot;:&quot;gradient&quot;}\">\n\t\t\t\t\t\t<div class=\"elementor-container elementor-column-gap-default\">\n\t\t\t\t\t<div class=\"elementor-column elementor-col-100 elementor-top-column elementor-element elementor-element-7256b1b\" data-id=\"7256b1b\" data-element_type=\"column\" data-e-type=\"column\">\n\t\t\t<div class=\"elementor-widget-wrap elementor-element-populated\">\n\t\t\t\t\t\t<div class=\"elementor-element elementor-element-7dd535b elementor-widget elementor-widget-heading\" data-id=\"7dd535b\" data-element_type=\"widget\" data-e-type=\"widget\" data-widget_type=\"heading.default\">\n\t\t\t\t<div class=\"elementor-widget-container\">\n\t\t\t\t\t<h2 class=\"elementor-heading-title elementor-size-default\"><a href=\"https:\/\/mahifi.se\/?page_id=25786\">K\u00e4ll\u00f6vningar - Medeltiden och Ren\u00e4ssansen <\/a><\/h2>\t\t\t\t<\/div>\n\t\t\t\t<\/div>\n\t\t\t\t\t<\/div>\n\t\t<\/div>\n\t\t\t\t\t<\/div>\n\t\t<\/section>\n\t\t\t\t<section class=\"elementor-section elementor-top-section elementor-element elementor-element-9362914 elementor-section-boxed elementor-section-height-default elementor-section-height-default\" data-id=\"9362914\" data-element_type=\"section\" data-e-type=\"section\">\n\t\t\t\t\t\t<div class=\"elementor-container elementor-column-gap-default\">\n\t\t\t\t\t<div class=\"elementor-column elementor-col-50 elementor-top-column elementor-element elementor-element-c370145\" data-id=\"c370145\" data-element_type=\"column\" data-e-type=\"column\">\n\t\t\t<div class=\"elementor-widget-wrap elementor-element-populated\">\n\t\t\t\t\t\t<div class=\"elementor-element elementor-element-34d0627 elementor-widget elementor-widget-heading\" data-id=\"34d0627\" data-element_type=\"widget\" data-e-type=\"widget\" data-widget_type=\"heading.default\">\n\t\t\t\t<div class=\"elementor-widget-container\">\n\t\t\t\t\t<h2 class=\"elementor-heading-title elementor-size-default\">K\u00e4ll\u00f6vningar<\/h2>\t\t\t\t<\/div>\n\t\t\t\t<\/div>\n\t\t\t\t<div class=\"elementor-element elementor-element-a61a00e elementor-align-justify elementor-widget elementor-widget-button\" data-id=\"a61a00e\" data-element_type=\"widget\" data-e-type=\"widget\" data-widget_type=\"button.default\">\n\t\t\t\t<div class=\"elementor-widget-container\">\n\t\t\t\t\t\t\t\t\t<div class=\"elementor-button-wrapper\">\n\t\t\t\t\t<a class=\"elementor-button elementor-button-link elementor-size-sm\" href=\"https:\/\/mahifi.se\/wp-content\/uploads\/2024\/07\/Kallovning-hur-var-egentligen-vikingarna.pdf\" target=\"_blank\">\n\t\t\t\t\t\t<span class=\"elementor-button-content-wrapper\">\n\t\t\t\t\t\t\t\t\t<span class=\"elementor-button-text\">Hur var egentligen vikingarna?<\/span>\n\t\t\t\t\t<\/span>\n\t\t\t\t\t<\/a>\n\t\t\t\t<\/div>\n\t\t\t\t\t\t\t\t<\/div>\n\t\t\t\t<\/div>\n\t\t\t\t<div class=\"elementor-element elementor-element-d812209 elementor-align-justify elementor-widget elementor-widget-button\" data-id=\"d812209\" data-element_type=\"widget\" data-e-type=\"widget\" data-widget_type=\"button.default\">\n\t\t\t\t<div class=\"elementor-widget-container\">\n\t\t\t\t\t\t\t\t\t<div class=\"elementor-button-wrapper\">\n\t\t\t\t\t<a class=\"elementor-button elementor-button-link elementor-size-sm\" href=\"https:\/\/mahifi.se\/wp-content\/uploads\/2023\/04\/Sulaiman-Al-besoker-Kina-och-Indien-2.pdf\" target=\"_blank\">\n\t\t\t\t\t\t<span class=\"elementor-button-content-wrapper\">\n\t\t\t\t\t\t\t\t\t<span class=\"elementor-button-text\">Sulaiman Al-Tajir bes\u00f6ker Kina och Indien <\/span>\n\t\t\t\t\t<\/span>\n\t\t\t\t\t<\/a>\n\t\t\t\t<\/div>\n\t\t\t\t\t\t\t\t<\/div>\n\t\t\t\t<\/div>\n\t\t\t\t<div class=\"elementor-element elementor-element-e465651 elementor-align-justify elementor-widget elementor-widget-button\" data-id=\"e465651\" data-element_type=\"widget\" data-e-type=\"widget\" data-widget_type=\"button.default\">\n\t\t\t\t<div class=\"elementor-widget-container\">\n\t\t\t\t\t\t\t\t\t<div class=\"elementor-button-wrapper\">\n\t\t\t\t\t<a class=\"elementor-button elementor-button-link elementor-size-sm\" href=\"https:\/\/mahifi.se\/wp-content\/uploads\/2023\/09\/Det-stora-slavupproret-i-det-Abbasidiska-kalifatet.pdf\" target=\"_blank\">\n\t\t\t\t\t\t<span class=\"elementor-button-content-wrapper\">\n\t\t\t\t\t\t\t\t\t<span class=\"elementor-button-text\">Det stora slavupproret i det Abbasidiska riket (Zanjupproret)<\/span>\n\t\t\t\t\t<\/span>\n\t\t\t\t\t<\/a>\n\t\t\t\t<\/div>\n\t\t\t\t\t\t\t\t<\/div>\n\t\t\t\t<\/div>\n\t\t\t\t<div class=\"elementor-element elementor-element-e99d6cc elementor-align-justify elementor-widget elementor-widget-button\" data-id=\"e99d6cc\" data-element_type=\"widget\" data-e-type=\"widget\" data-widget_type=\"button.default\">\n\t\t\t\t<div class=\"elementor-widget-container\">\n\t\t\t\t\t\t\t\t\t<div class=\"elementor-button-wrapper\">\n\t\t\t\t\t<a class=\"elementor-button elementor-button-link elementor-size-sm\" href=\"https:\/\/mahifi.se\/wp-content\/uploads\/2023\/05\/Den-persiska-universalgeniet-Avicennas.pdf\" target=\"_blank\">\n\t\t\t\t\t\t<span class=\"elementor-button-content-wrapper\">\n\t\t\t\t\t\t\t\t\t<span class=\"elementor-button-text\">Universalgeniet Avicennas sj\u00e4lvgoda sj\u00e4lvbiografi<\/span>\n\t\t\t\t\t<\/span>\n\t\t\t\t\t<\/a>\n\t\t\t\t<\/div>\n\t\t\t\t\t\t\t\t<\/div>\n\t\t\t\t<\/div>\n\t\t\t\t<div class=\"elementor-element elementor-element-ade2d4b elementor-align-justify elementor-widget elementor-widget-button\" data-id=\"ade2d4b\" data-element_type=\"widget\" data-e-type=\"widget\" data-widget_type=\"button.default\">\n\t\t\t\t<div class=\"elementor-widget-container\">\n\t\t\t\t\t\t\t\t\t<div class=\"elementor-button-wrapper\">\n\t\t\t\t\t<a class=\"elementor-button elementor-button-link elementor-size-sm\" href=\"https:\/\/mahifi.se\/wp-content\/uploads\/2023\/08\/Kallovning-Vittnesmal-fran-forsta-korstaget.pdf\" target=\"_blank\">\n\t\t\t\t\t\t<span class=\"elementor-button-content-wrapper\">\n\t\t\t\t\t\t\t\t\t<span class=\"elementor-button-text\">Vittnesm\u00e5l fr\u00e5n det f\u00f6rsta korst\u00e5get <\/span>\n\t\t\t\t\t<\/span>\n\t\t\t\t\t<\/a>\n\t\t\t\t<\/div>\n\t\t\t\t\t\t\t\t<\/div>\n\t\t\t\t<\/div>\n\t\t\t\t<div class=\"elementor-element elementor-element-0621f86 elementor-align-justify elementor-widget elementor-widget-button\" data-id=\"0621f86\" data-element_type=\"widget\" data-e-type=\"widget\" data-widget_type=\"button.default\">\n\t\t\t\t<div class=\"elementor-widget-container\">\n\t\t\t\t\t\t\t\t\t<div class=\"elementor-button-wrapper\">\n\t\t\t\t\t<a class=\"elementor-button elementor-button-link elementor-size-sm\" href=\"https:\/\/mahifi.se\/wp-content\/uploads\/2022\/06\/Ka\u0308llo\u0308vning-pesten-i-Florens-.pdf\" target=\"_blank\">\n\t\t\t\t\t\t<span class=\"elementor-button-content-wrapper\">\n\t\t\t\t\t\t\t\t\t<span class=\"elementor-button-text\">Pesten i Florens<\/span>\n\t\t\t\t\t<\/span>\n\t\t\t\t\t<\/a>\n\t\t\t\t<\/div>\n\t\t\t\t\t\t\t\t<\/div>\n\t\t\t\t<\/div>\n\t\t\t\t<div class=\"elementor-element elementor-element-b0beb3f elementor-align-justify elementor-widget elementor-widget-button\" data-id=\"b0beb3f\" data-element_type=\"widget\" data-e-type=\"widget\" data-widget_type=\"button.default\">\n\t\t\t\t<div class=\"elementor-widget-container\">\n\t\t\t\t\t\t\t\t\t<div class=\"elementor-button-wrapper\">\n\t\t\t\t\t<a class=\"elementor-button elementor-button-link elementor-size-sm\" href=\"https:\/\/mahifi.se\/wp-content\/uploads\/2023\/09\/Kallovning-Mansa-Musa.pdf\" target=\"_blank\">\n\t\t\t\t\t\t<span class=\"elementor-button-content-wrapper\">\n\t\t\t\t\t\t\t\t\t<span class=\"elementor-button-text\">Mansa Musa - V\u00e4rldens kanske rikaste man n\u00e5gonsin<\/span>\n\t\t\t\t\t<\/span>\n\t\t\t\t\t<\/a>\n\t\t\t\t<\/div>\n\t\t\t\t\t\t\t\t<\/div>\n\t\t\t\t<\/div>\n\t\t\t\t<div class=\"elementor-element elementor-element-c419f4f elementor-align-justify elementor-widget elementor-widget-button\" data-id=\"c419f4f\" data-element_type=\"widget\" data-e-type=\"widget\" data-widget_type=\"button.default\">\n\t\t\t\t<div class=\"elementor-widget-container\">\n\t\t\t\t\t\t\t\t\t<div class=\"elementor-button-wrapper\">\n\t\t\t\t\t<a class=\"elementor-button elementor-button-link elementor-size-sm\" href=\"https:\/\/mahifi.se\/wp-content\/uploads\/2023\/08\/En-spansk-diplomat-ater-i-Kina-under-1500-talet-1.pdf\" target=\"_blank\">\n\t\t\t\t\t\t<span class=\"elementor-button-content-wrapper\">\n\t\t\t\t\t\t\t\t\t<span class=\"elementor-button-text\">En spansk diplomat \u00e4ter middag i Kina under 1500-talet<\/span>\n\t\t\t\t\t<\/span>\n\t\t\t\t\t<\/a>\n\t\t\t\t<\/div>\n\t\t\t\t\t\t\t\t<\/div>\n\t\t\t\t<\/div>\n\t\t\t\t<div class=\"elementor-element elementor-element-30d0b1b elementor-align-justify elementor-widget elementor-widget-button\" data-id=\"30d0b1b\" data-element_type=\"widget\" data-e-type=\"widget\" data-widget_type=\"button.default\">\n\t\t\t\t<div class=\"elementor-widget-container\">\n\t\t\t\t\t\t\t\t\t<div class=\"elementor-button-wrapper\">\n\t\t\t\t\t<a class=\"elementor-button elementor-button-link elementor-size-sm\" href=\"https:\/\/mahifi.se\/wp-content\/uploads\/2023\/09\/Lat-oss-examineras-i-det-kejserliga-examinationssystemet-1.pdf\" target=\"_blank\">\n\t\t\t\t\t\t<span class=\"elementor-button-content-wrapper\">\n\t\t\t\t\t\t\t\t\t<span class=\"elementor-button-text\">L\u00e5t oss examineras i det kejserliga examinationssystemet<\/span>\n\t\t\t\t\t<\/span>\n\t\t\t\t\t<\/a>\n\t\t\t\t<\/div>\n\t\t\t\t\t\t\t\t<\/div>\n\t\t\t\t<\/div>\n\t\t\t\t\t<\/div>\n\t\t<\/div>\n\t\t\t\t<div class=\"elementor-column elementor-col-50 elementor-top-column elementor-element elementor-element-4aa559b\" data-id=\"4aa559b\" data-element_type=\"column\" data-e-type=\"column\">\n\t\t\t<div class=\"elementor-widget-wrap elementor-element-populated\">\n\t\t\t\t\t\t<div class=\"elementor-element elementor-element-7429c62 elementor-widget elementor-widget-image\" data-id=\"7429c62\" data-element_type=\"widget\" data-e-type=\"widget\" data-widget_type=\"image.default\">\n\t\t\t\t<div class=\"elementor-widget-container\">\n\t\t\t\t\t\t\t\t\t\t\t\t\t\t\t<img fetchpriority=\"high\" decoding=\"async\" width=\"1024\" height=\"1015\" src=\"https:\/\/mahifi.se\/wp-content\/uploads\/2023\/04\/Ska\u0308rmavbild-2023-04-02-kl.-12.54.14-1024x1015.png\" class=\"attachment-large size-large wp-image-30030\" alt=\"\" srcset=\"https:\/\/mahifi.se\/wp-content\/uploads\/2023\/04\/Ska\u0308rmavbild-2023-04-02-kl.-12.54.14-1024x1015.png 1024w, https:\/\/mahifi.se\/wp-content\/uploads\/2023\/04\/Ska\u0308rmavbild-2023-04-02-kl.-12.54.14-300x297.png 300w, https:\/\/mahifi.se\/wp-content\/uploads\/2023\/04\/Ska\u0308rmavbild-2023-04-02-kl.-12.54.14-150x150.png 150w, https:\/\/mahifi.se\/wp-content\/uploads\/2023\/04\/Ska\u0308rmavbild-2023-04-02-kl.-12.54.14-768x762.png 768w, https:\/\/mahifi.se\/wp-content\/uploads\/2023\/04\/Ska\u0308rmavbild-2023-04-02-kl.-12.54.14.png 1438w\" sizes=\"(max-width: 1024px) 100vw, 1024px\" \/>\t\t\t\t\t\t\t\t\t\t\t\t\t\t\t<\/div>\n\t\t\t\t<\/div>\n\t\t\t\t\t<\/div>\n\t\t<\/div>\n\t\t\t\t\t<\/div>\n\t\t<\/section>\n\t\t\t\t<\/div>\n\t\t","protected":false},"excerpt":{"rendered":"<p>K\u00e4ll\u00f6vningar &#8211; Medeltiden och Ren\u00e4ssansen K\u00e4ll\u00f6vningar Hur var egentligen vikingarna? Sulaiman Al-Tajir bes\u00f6ker Kina och Indien Det stora slavupproret i det Abbasidiska riket (Zanjupproret) Universalgeniet Avicennas sj\u00e4lvgoda sj\u00e4lvbiografi Vittnesm\u00e5l fr\u00e5n det f\u00f6rsta korst\u00e5get Pesten i Florens Mansa Musa &#8211; V\u00e4rldens kanske rikaste man n\u00e5gonsin En spansk diplomat \u00e4ter middag i Kina under 1500-talet L\u00e5t oss [&hellip;]<\/p>\n","protected":false},"author":1,"featured_media":0,"parent":0,"menu_order":0,"comment_status":"closed","ping_status":"closed","template":"","meta":{"om_disable_all_campaigns":false,"_uag_custom_page_level_css":"","_monsterinsights_skip_tracking":false,"_monsterinsights_sitenote_active":false,"_monsterinsights_sitenote_note":"","_monsterinsights_sitenote_category":0,"site-sidebar-layout":"no-sidebar","site-content-layout":"page-builder","ast-site-content-layout":"default","site-content-style":"default","site-sidebar-style":"default","ast-global-header-display":"","ast-banner-title-visibility":"","ast-main-header-display":"","ast-hfb-above-header-display":"","ast-hfb-below-header-display":"","ast-hfb-mobile-header-display":"","site-post-title":"disabled","ast-breadcrumbs-content":"","ast-featured-img":"disabled","footer-sml-layout":"","ast-disable-related-posts":"","theme-transparent-header-meta":"","adv-header-id-meta":"","stick-header-meta":"","header-above-stick-meta":"","header-main-stick-meta":"","header-below-stick-meta":"","astra-migrate-meta-layouts":"default","ast-page-background-enabled":"default","ast-page-background-meta":{"desktop":{"background-color":"","background-image":"","background-repeat":"repeat","background-position":"center center","background-size":"auto","background-attachment":"scroll","background-type":"","background-media":"","overlay-type":"","overlay-color":"","overlay-opacity":"","overlay-gradient":""},"tablet":{"background-color":"","background-image":"","background-repeat":"repeat","background-position":"center center","background-size":"auto","background-attachment":"scroll","background-type":"","background-media":"","overlay-type":"","overlay-color":"","overlay-opacity":"","overlay-gradient":""},"mobile":{"background-color":"","background-image":"","background-repeat":"repeat","background-position":"center center","background-size":"auto","background-attachment":"scroll","background-type":"","background-media":"","overlay-type":"","overlay-color":"","overlay-opacity":"","overlay-gradient":""}},"ast-content-background-meta":{"desktop":{"background-color":"var(--ast-global-color-5)","background-image":"","background-repeat":"repeat","background-position":"center center","background-size":"auto","background-attachment":"scroll","background-type":"","background-media":"","overlay-type":"","overlay-color":"","overlay-opacity":"","overlay-gradient":""},"tablet":{"background-color":"var(--ast-global-color-5)","background-image":"","background-repeat":"repeat","background-position":"center center","background-size":"auto","background-attachment":"scroll","background-type":"","background-media":"","overlay-type":"","overlay-color":"","overlay-opacity":"","overlay-gradient":""},"mobile":{"background-color":"var(--ast-global-color-5)","background-image":"","background-repeat":"repeat","background-position":"center center","background-size":"auto","background-attachment":"scroll","background-type":"","background-media":"","overlay-type":"","overlay-color":"","overlay-opacity":"","overlay-gradient":""}},"footnotes":""},"class_list":["post-30028","page","type-page","status-publish","hentry"],"aioseo_notices":[],"uagb_featured_image_src":{"full":false,"thumbnail":false,"medium":false,"medium_large":false,"large":false,"1536x1536":false,"2048x2048":false},"uagb_author_info":{"display_name":"joji9555@hotmail.com","author_link":"https:\/\/mahifi.se\/?author=1"},"uagb_comment_info":0,"uagb_excerpt":"K\u00e4ll\u00f6vningar &#8211; Medeltiden och Ren\u00e4ssansen K\u00e4ll\u00f6vningar Hur var egentligen vikingarna? Sulaiman Al-Tajir bes\u00f6ker Kina och Indien Det stora slavupproret i det Abbasidiska riket (Zanjupproret) Universalgeniet Avicennas sj\u00e4lvgoda sj\u00e4lvbiografi Vittnesm\u00e5l fr\u00e5n det f\u00f6rsta korst\u00e5get Pesten i Florens Mansa Musa &#8211; V\u00e4rldens kanske rikaste man n\u00e5gonsin En spansk diplomat \u00e4ter middag i Kina under 1500-talet L\u00e5t oss&hellip;","_links":{"self":[{"href":"https:\/\/mahifi.se\/index.php?rest_route=\/wp\/v2\/pages\/30028","targetHints":{"allow":["GET"]}}],"collection":[{"href":"https:\/\/mahifi.se\/index.php?rest_route=\/wp\/v2\/pages"}],"about":[{"href":"https:\/\/mahifi.se\/index.php?rest_route=\/wp\/v2\/types\/page"}],"author":[{"embeddable":true,"href":"https:\/\/mahifi.se\/index.php?rest_route=\/wp\/v2\/users\/1"}],"replies":[{"embeddable":true,"href":"https:\/\/mahifi.se\/index.php?rest_route=%2Fwp%2Fv2%2Fcomments&post=30028"}],"version-history":[{"count":53,"href":"https:\/\/mahifi.se\/index.php?rest_route=\/wp\/v2\/pages\/30028\/revisions"}],"predecessor-version":[{"id":32984,"href":"https:\/\/mahifi.se\/index.php?rest_route=\/wp\/v2\/pages\/30028\/revisions\/32984"}],"wp:attachment":[{"href":"https:\/\/mahifi.se\/index.php?rest_route=%2Fwp%2Fv2%2Fmedia&parent=30028"}],"curies":[{"name":"wp","href":"https:\/\/api.w.org\/{rel}","templated":true}]}}