{"id":27328,"date":"2022-06-29T13:08:37","date_gmt":"2022-06-29T11:08:37","guid":{"rendered":"https:\/\/mahifi.se\/?page_id=27328"},"modified":"2023-01-09T16:43:49","modified_gmt":"2023-01-09T14:43:49","slug":"boktips","status":"publish","type":"page","link":"https:\/\/mahifi.se\/?page_id=27328","title":{"rendered":"Boktips"},"content":{"rendered":"\t\t<div data-elementor-type=\"wp-page\" data-elementor-id=\"27328\" class=\"elementor elementor-27328\">\n\t\t\t\t\t\t<section class=\"elementor-section elementor-top-section elementor-element elementor-element-81b0f73 elementor-section-boxed elementor-section-height-default elementor-section-height-default\" data-id=\"81b0f73\" data-element_type=\"section\" data-e-type=\"section\" data-settings=\"{&quot;background_background&quot;:&quot;classic&quot;}\">\n\t\t\t\t\t\t<div class=\"elementor-container elementor-column-gap-default\">\n\t\t\t\t\t<div class=\"elementor-column elementor-col-100 elementor-top-column elementor-element elementor-element-d875a26\" data-id=\"d875a26\" data-element_type=\"column\" data-e-type=\"column\">\n\t\t\t<div class=\"elementor-widget-wrap elementor-element-populated\">\n\t\t\t\t\t\t<div class=\"elementor-element elementor-element-874e3ff elementor-widget elementor-widget-heading\" data-id=\"874e3ff\" data-element_type=\"widget\" data-e-type=\"widget\" data-widget_type=\"heading.default\">\n\t\t\t\t<div class=\"elementor-widget-container\">\n\t\t\t\t\t<h2 class=\"elementor-heading-title elementor-size-default\"><a href=\"https:\/\/mahifi.se\/\">Boktips <\/a><\/h2>\t\t\t\t<\/div>\n\t\t\t\t<\/div>\n\t\t\t\t\t<\/div>\n\t\t<\/div>\n\t\t\t\t\t<\/div>\n\t\t<\/section>\n\t\t\t\t<section class=\"elementor-section elementor-top-section elementor-element elementor-element-0a45b24 elementor-section-boxed elementor-section-height-default elementor-section-height-default\" data-id=\"0a45b24\" data-element_type=\"section\" data-e-type=\"section\">\n\t\t\t\t\t\t<div class=\"elementor-container elementor-column-gap-default\">\n\t\t\t\t\t<div class=\"elementor-column elementor-col-25 elementor-top-column elementor-element elementor-element-42a824f\" data-id=\"42a824f\" data-element_type=\"column\" data-e-type=\"column\">\n\t\t\t<div class=\"elementor-widget-wrap elementor-element-populated\">\n\t\t\t\t\t\t<div class=\"elementor-element elementor-element-ed5430a elementor-widget elementor-widget-heading\" data-id=\"ed5430a\" data-element_type=\"widget\" data-e-type=\"widget\" data-widget_type=\"heading.default\">\n\t\t\t\t<div class=\"elementor-widget-container\">\n\t\t\t\t\t<h2 class=\"elementor-heading-title elementor-size-default\">Matematik<\/h2>\t\t\t\t<\/div>\n\t\t\t\t<\/div>\n\t\t\t\t<div class=\"elementor-element elementor-element-64d3f1c elementor-widget elementor-widget-text-editor\" data-id=\"64d3f1c\" data-element_type=\"widget\" data-e-type=\"widget\" data-widget_type=\"text-editor.default\">\n\t\t\t\t<div class=\"elementor-widget-container\">\n\t\t\t\t\t\t\t\t\t<p>The Perfect Rigor &#8211; Masha Gessen<\/p><p>Fermats g\u00e5ta &#8211; Simon Singh\u00a0<\/p><p>\u00a0<\/p>\t\t\t\t\t\t\t\t<\/div>\n\t\t\t\t<\/div>\n\t\t\t\t\t<\/div>\n\t\t<\/div>\n\t\t\t\t<div class=\"elementor-column elementor-col-25 elementor-top-column elementor-element elementor-element-7e365e6\" data-id=\"7e365e6\" data-element_type=\"column\" data-e-type=\"column\">\n\t\t\t<div class=\"elementor-widget-wrap elementor-element-populated\">\n\t\t\t\t\t\t<div class=\"elementor-element elementor-element-26b8fad elementor-widget elementor-widget-heading\" data-id=\"26b8fad\" data-element_type=\"widget\" data-e-type=\"widget\" data-widget_type=\"heading.default\">\n\t\t\t\t<div class=\"elementor-widget-container\">\n\t\t\t\t\t<h2 class=\"elementor-heading-title elementor-size-default\">Historia<\/h2>\t\t\t\t<\/div>\n\t\t\t\t<\/div>\n\t\t\t\t<div class=\"elementor-element elementor-element-19b8e72 elementor-widget elementor-widget-text-editor\" data-id=\"19b8e72\" data-element_type=\"widget\" data-e-type=\"widget\" data-widget_type=\"text-editor.default\">\n\t\t\t\t<div class=\"elementor-widget-container\">\n\t\t\t\t\t\t\t\t\t<p>A history of world societies &#8211; Mckay\u00a0<\/p><p>Antiken &#8211; Susanne Carlsson m.fl<\/p><p>The house of wisdom &#8211; Jim Al Khalili\u00a0<\/p><p>Kinas historia &#8211; Hans H\u00e4gerdal\u00a0<\/p><p>Hypatia &#8211; Elisabeth Booth\u00a0<\/p><p>V\u00e4rlden av ig\u00e5r &#8211; Stefan Zweig<\/p><p>Folkmord &#8211; Klas-G\u00f6ran Karlsson\u00a0<\/p><p>Svart historia &#8211; Amat Levin<\/p><p>Filosofi i den islamiska v\u00e4rlden &#8211; Peter Adamson<\/p><p>House of wisdom &#8211; Jim Al-Khalili<\/p><p>Antikens sju underverk &#8211; Allan Klynne\u00a0<\/p><p>Blood Letters &#8211; Lian Xi<\/p><p>I skuggan av Auschwitz &#8211; Artur Szulc<\/p><p>\u00a0<\/p>\t\t\t\t\t\t\t\t<\/div>\n\t\t\t\t<\/div>\n\t\t\t\t\t<\/div>\n\t\t<\/div>\n\t\t\t\t<div class=\"elementor-column elementor-col-25 elementor-top-column elementor-element elementor-element-240fde3\" data-id=\"240fde3\" data-element_type=\"column\" data-e-type=\"column\">\n\t\t\t<div class=\"elementor-widget-wrap elementor-element-populated\">\n\t\t\t\t\t\t<div class=\"elementor-element elementor-element-439941b elementor-widget elementor-widget-heading\" data-id=\"439941b\" data-element_type=\"widget\" data-e-type=\"widget\" data-widget_type=\"heading.default\">\n\t\t\t\t<div class=\"elementor-widget-container\">\n\t\t\t\t\t<h2 class=\"elementor-heading-title elementor-size-default\">Filosofi<\/h2>\t\t\t\t<\/div>\n\t\t\t\t<\/div>\n\t\t\t\t<div class=\"elementor-element elementor-element-04e4662 elementor-widget elementor-widget-text-editor\" data-id=\"04e4662\" data-element_type=\"widget\" data-e-type=\"widget\" data-widget_type=\"text-editor.default\">\n\t\t\t\t<div class=\"elementor-widget-container\">\n\t\t\t\t\t\t\t\t\t<p>Bokserien filosofi genom tiderna &#8211; Originaltexter fr\u00e5n filosofer\u00a0<\/p><p>Filosofins historia &#8211; A.C Grayling\u00a0<\/p><p>Critical thinking &#8211; Tracy Bowell, Robert Cowan &amp; Gary Kemp\u00a0<\/p><p>Platons Dialoger\u00a0<\/p><p>J\u00e4mlikhet eller prioritet &#8211; Derek Parfit<\/p><p>Moral och rationalitet &#8211; Derek Parfit\u00a0<\/p><p>E<span style=\"font-style: inherit; font-weight: inherit; background-color: var(--ast-global-color-4); color: var(--ast-global-color-3);\">n teori om r\u00e4ttvisa &#8211; John Rawls<\/span><\/p><p>Varf\u00f6r inte socialism &#8211; G.A Cohen\u00a0<\/p><p>J\u00e4mlikhet och pluralism &#8211; Michael Walzer<\/p><p>Anarki stat och utopi &#8211; Robert Nozick<\/p><p>Det \u00f6ppna samh\u00e4llet och dess fiender &#8211; Karl Popper\u00a0\u00a0<\/p><p>Myten om Sisyphos &#8211; Albert Camus<\/p>\t\t\t\t\t\t\t\t<\/div>\n\t\t\t\t<\/div>\n\t\t\t\t\t<\/div>\n\t\t<\/div>\n\t\t\t\t<div class=\"elementor-column elementor-col-25 elementor-top-column elementor-element elementor-element-1132d29\" data-id=\"1132d29\" data-element_type=\"column\" data-e-type=\"column\">\n\t\t\t<div class=\"elementor-widget-wrap elementor-element-populated\">\n\t\t\t\t\t\t<div class=\"elementor-element elementor-element-0989fe8 elementor-widget elementor-widget-heading\" data-id=\"0989fe8\" data-element_type=\"widget\" data-e-type=\"widget\" data-widget_type=\"heading.default\">\n\t\t\t\t<div class=\"elementor-widget-container\">\n\t\t\t\t\t<h2 class=\"elementor-heading-title elementor-size-default\">\u00d6vrigt <\/h2>\t\t\t\t<\/div>\n\t\t\t\t<\/div>\n\t\t\t\t<div class=\"elementor-element elementor-element-bdb7458 elementor-widget elementor-widget-text-editor\" data-id=\"bdb7458\" data-element_type=\"widget\" data-e-type=\"widget\" data-widget_type=\"text-editor.default\">\n\t\t\t\t<div class=\"elementor-widget-container\">\n\t\t\t\t\t\t\t\t\t<p><b>Sk\u00f6nlitteratur<\/b><\/p><p><span style=\"background-color: var(--ast-global-color-4); color: var(--ast-global-color-3); font-style: inherit; font-weight: inherit;\">Fr\u00e4mlingen &#8211; Albert Camus<\/span><\/p>\n<p><span style=\"font-style: inherit; background-color: var(--ast-global-color-4); color: var(--ast-global-color-3);\">Brott och straff &#8211; Fjodor Dostojevsky<\/span><\/p>\n<p><span style=\"font-style: inherit; background-color: var(--ast-global-color-4); color: var(--ast-global-color-3);\">Min kamp &#8211; Karl-Ove Knausg\u00e5rd<\/span><\/p>\n<p><span style=\"font-style: inherit; background-color: var(--ast-global-color-4); color: var(--ast-global-color-3);\">En h\u00e4st g\u00e5r in p\u00e5 en bar &#8211; David Grossman<\/span><\/p>\n<p><span style=\"font-style: inherit; background-color: var(--ast-global-color-4); color: var(--ast-global-color-3);\">Tj\u00e4narinnans ber\u00e4ttelse &#8211; Margret Atwood&nbsp;<\/span><\/p>\n<p>Myten om Wu Tao-tzu &#8211; Sven Lindqvist&nbsp;<\/p>\n<p><span style=\"font-style: inherit; background-color: var(--ast-global-color-4); color: var(--ast-global-color-3);\">Egenm\u00e4ktigt f\u00f6rfarande &#8211; Lena Andersson&nbsp;<\/span><\/p>\n<p><span style=\"font-style: inherit; background-color: var(--ast-global-color-4); color: var(--ast-global-color-3);\">St\u00e4ppvargen &#8211; Herman Hesse<\/span><\/p>\n<p>Dv\u00e4rgen &#8211; P\u00e4r Lagerqvist&nbsp;<\/p>\n<p>Orlando &#8211; Virgina Woolf&nbsp;<\/p>\n<p><span style=\"font-style: inherit; background-color: var(--ast-global-color-4); color: var(--ast-global-color-3);\">Johnny var en ung soldat &#8211; Trumbo Dalton&nbsp;<\/span><\/p>\n<p><span style=\"font-style: inherit; background-color: var(--ast-global-color-4); color: var(--ast-global-color-3);\">Kreautzersonaten &#8211; Leo Tolstoj&nbsp;<\/span><\/p>\n<p><span style=\"font-style: inherit; background-color: var(--ast-global-color-4); color: var(--ast-global-color-3);\">Den brutna kvinnan -Simone de Beauvoir<\/span><\/p>\n<p><span style=\"font-style: inherit; background-color: var(--ast-global-color-4); color: var(--ast-global-color-3);\">Ru &#8211; Kim Thuy&nbsp;<\/span><\/p>\n<p>Det stora kalaset &#8211; John Steinbeck&nbsp;<\/p>\n<p><span style=\"font-style: inherit; font-weight: inherit; background-color: var(--ast-global-color-4); color: var(--ast-global-color-3);\"><strong>Facklitteratur&nbsp;<\/strong><br><\/span><\/p>\n<p><span style=\"font-style: inherit; font-weight: inherit; background-color: var(--ast-global-color-4); color: var(--ast-global-color-3);\">T\u00e4nka snabbt och l\u00e5ngsamt &#8211; Daniel Kahneman&nbsp;<\/span><\/p>\n<p>Brus &#8211; Daniel Kahneman, Cass Sunstein &amp; Oliver Sibony<\/p>\n<p>Ett egen rum &#8211; Virgina Woolf&nbsp;<\/p>\n<p>Den stora flykten &#8211; Angus Deaton<\/p>\n<p>Nudge &#8211; Richard Thaler &amp; Cass Sunstein<\/p>\n<p>Femtionio fantastiska nobelpristagare och tre usla &#8211; Arne Norlin&nbsp;<\/p>\n<p>Mer fr\u00e5n mindre &#8211; Andrew McAfee<\/p>\n<p>Algoritmmakaren &#8211; Tommy Andersson<\/p>\n<p>V\u00e5ld och identitet &#8211; Amartya Sen&nbsp;<\/p>\n<p>The code breaker &#8211; Walter Isaacson&nbsp;<\/p>\n<p>Climate Casino &#8211; William Nordhaus&nbsp;<\/p>\n<p>Upplysning nu &#8211; Steven Pinker&nbsp;<\/p>\n<p>\u00d6ppen och sluten &#8211; Johan Norberg&nbsp;<\/p>\n<p><\/p>\t\t\t\t\t\t\t\t<\/div>\n\t\t\t\t<\/div>\n\t\t\t\t\t<\/div>\n\t\t<\/div>\n\t\t\t\t\t<\/div>\n\t\t<\/section>\n\t\t\t\t<\/div>\n\t\t","protected":false},"excerpt":{"rendered":"<p>Boktips Matematik The Perfect Rigor &#8211; Masha Gessen Fermats g\u00e5ta &#8211; Simon Singh\u00a0 \u00a0 Historia A history of world societies &#8211; Mckay\u00a0 Antiken &#8211; Susanne Carlsson m.fl The house of wisdom &#8211; Jim Al Khalili\u00a0 Kinas historia &#8211; Hans H\u00e4gerdal\u00a0 Hypatia &#8211; Elisabeth Booth\u00a0 V\u00e4rlden av ig\u00e5r &#8211; Stefan Zweig Folkmord &#8211; Klas-G\u00f6ran Karlsson\u00a0 Svart [&hellip;]<\/p>\n","protected":false},"author":1,"featured_media":0,"parent":0,"menu_order":0,"comment_status":"closed","ping_status":"closed","template":"","meta":{"om_disable_all_campaigns":false,"_uag_custom_page_level_css":"","_monsterinsights_skip_tracking":false,"_monsterinsights_sitenote_active":false,"_monsterinsights_sitenote_note":"","_monsterinsights_sitenote_category":0,"site-sidebar-layout":"no-sidebar","site-content-layout":"page-builder","ast-site-content-layout":"default","site-content-style":"default","site-sidebar-style":"default","ast-global-header-display":"","ast-banner-title-visibility":"","ast-main-header-display":"","ast-hfb-above-header-display":"","ast-hfb-below-header-display":"","ast-hfb-mobile-header-display":"","site-post-title":"disabled","ast-breadcrumbs-content":"","ast-featured-img":"disabled","footer-sml-layout":"","ast-disable-related-posts":"","theme-transparent-header-meta":"","adv-header-id-meta":"","stick-header-meta":"","header-above-stick-meta":"","header-main-stick-meta":"","header-below-stick-meta":"","astra-migrate-meta-layouts":"default","ast-page-background-enabled":"default","ast-page-background-meta":{"desktop":{"background-color":"","background-image":"","background-repeat":"repeat","background-position":"center center","background-size":"auto","background-attachment":"scroll","background-type":"","background-media":"","overlay-type":"","overlay-color":"","overlay-opacity":"","overlay-gradient":""},"tablet":{"background-color":"","background-image":"","background-repeat":"repeat","background-position":"center center","background-size":"auto","background-attachment":"scroll","background-type":"","background-media":"","overlay-type":"","overlay-color":"","overlay-opacity":"","overlay-gradient":""},"mobile":{"background-color":"","background-image":"","background-repeat":"repeat","background-position":"center center","background-size":"auto","background-attachment":"scroll","background-type":"","background-media":"","overlay-type":"","overlay-color":"","overlay-opacity":"","overlay-gradient":""}},"ast-content-background-meta":{"desktop":{"background-color":"var(--ast-global-color-5)","background-image":"","background-repeat":"repeat","background-position":"center center","background-size":"auto","background-attachment":"scroll","background-type":"","background-media":"","overlay-type":"","overlay-color":"","overlay-opacity":"","overlay-gradient":""},"tablet":{"background-color":"var(--ast-global-color-5)","background-image":"","background-repeat":"repeat","background-position":"center center","background-size":"auto","background-attachment":"scroll","background-type":"","background-media":"","overlay-type":"","overlay-color":"","overlay-opacity":"","overlay-gradient":""},"mobile":{"background-color":"var(--ast-global-color-5)","background-image":"","background-repeat":"repeat","background-position":"center center","background-size":"auto","background-attachment":"scroll","background-type":"","background-media":"","overlay-type":"","overlay-color":"","overlay-opacity":"","overlay-gradient":""}},"footnotes":""},"class_list":["post-27328","page","type-page","status-publish","hentry"],"aioseo_notices":[],"uagb_featured_image_src":{"full":false,"thumbnail":false,"medium":false,"medium_large":false,"large":false,"1536x1536":false,"2048x2048":false},"uagb_author_info":{"display_name":"joji9555@hotmail.com","author_link":"https:\/\/mahifi.se\/?author=1"},"uagb_comment_info":0,"uagb_excerpt":"Boktips Matematik The Perfect Rigor &#8211; Masha Gessen Fermats g\u00e5ta &#8211; Simon Singh\u00a0 \u00a0 Historia A history of world societies &#8211; Mckay\u00a0 Antiken &#8211; Susanne Carlsson m.fl The house of wisdom &#8211; Jim Al Khalili\u00a0 Kinas historia &#8211; Hans H\u00e4gerdal\u00a0 Hypatia &#8211; Elisabeth Booth\u00a0 V\u00e4rlden av ig\u00e5r &#8211; Stefan Zweig Folkmord &#8211; Klas-G\u00f6ran Karlsson\u00a0 Svart&hellip;","_links":{"self":[{"href":"https:\/\/mahifi.se\/index.php?rest_route=\/wp\/v2\/pages\/27328","targetHints":{"allow":["GET"]}}],"collection":[{"href":"https:\/\/mahifi.se\/index.php?rest_route=\/wp\/v2\/pages"}],"about":[{"href":"https:\/\/mahifi.se\/index.php?rest_route=\/wp\/v2\/types\/page"}],"author":[{"embeddable":true,"href":"https:\/\/mahifi.se\/index.php?rest_route=\/wp\/v2\/users\/1"}],"replies":[{"embeddable":true,"href":"https:\/\/mahifi.se\/index.php?rest_route=%2Fwp%2Fv2%2Fcomments&post=27328"}],"version-history":[{"count":43,"href":"https:\/\/mahifi.se\/index.php?rest_route=\/wp\/v2\/pages\/27328\/revisions"}],"predecessor-version":[{"id":29423,"href":"https:\/\/mahifi.se\/index.php?rest_route=\/wp\/v2\/pages\/27328\/revisions\/29423"}],"wp:attachment":[{"href":"https:\/\/mahifi.se\/index.php?rest_route=%2Fwp%2Fv2%2Fmedia&parent=27328"}],"curies":[{"name":"wp","href":"https:\/\/api.w.org\/{rel}","templated":true}]}}