{"id":27310,"date":"2022-06-29T12:47:20","date_gmt":"2022-06-29T10:47:20","guid":{"rendered":"https:\/\/mahifi.se\/?page_id=27310"},"modified":"2023-01-09T16:43:17","modified_gmt":"2023-01-09T14:43:17","slug":"anvandbara-hemsidor-och-infro","status":"publish","type":"page","link":"https:\/\/mahifi.se\/?page_id=27310","title":{"rendered":"Anv\u00e4ndbara hemsidor och infro"},"content":{"rendered":"\t\t<div data-elementor-type=\"wp-page\" data-elementor-id=\"27310\" class=\"elementor elementor-27310\">\n\t\t\t\t\t\t<section class=\"elementor-section elementor-top-section elementor-element elementor-element-43ee724 elementor-section-boxed elementor-section-height-default elementor-section-height-default\" data-id=\"43ee724\" data-element_type=\"section\" data-e-type=\"section\" data-settings=\"{&quot;background_background&quot;:&quot;classic&quot;}\">\n\t\t\t\t\t\t<div class=\"elementor-container elementor-column-gap-default\">\n\t\t\t\t\t<div class=\"elementor-column elementor-col-100 elementor-top-column elementor-element elementor-element-ce54fd3\" data-id=\"ce54fd3\" data-element_type=\"column\" data-e-type=\"column\">\n\t\t\t<div class=\"elementor-widget-wrap elementor-element-populated\">\n\t\t\t\t\t\t<div class=\"elementor-element elementor-element-d16124b elementor-widget elementor-widget-heading\" data-id=\"d16124b\" data-element_type=\"widget\" data-e-type=\"widget\" data-widget_type=\"heading.default\">\n\t\t\t\t<div class=\"elementor-widget-container\">\n\t\t\t\t\t<h2 class=\"elementor-heading-title elementor-size-default\"><a href=\"https:\/\/mahifi.se\/\">Anv\u00e4ndbara hemsidor och informationsk\u00e4llor<\/a><\/h2>\t\t\t\t<\/div>\n\t\t\t\t<\/div>\n\t\t\t\t\t<\/div>\n\t\t<\/div>\n\t\t\t\t\t<\/div>\n\t\t<\/section>\n\t\t\t\t<section class=\"elementor-section elementor-top-section elementor-element elementor-element-98e5d09 elementor-section-boxed elementor-section-height-default elementor-section-height-default\" data-id=\"98e5d09\" data-element_type=\"section\" data-e-type=\"section\">\n\t\t\t\t\t\t<div class=\"elementor-container elementor-column-gap-default\">\n\t\t\t\t\t<div class=\"elementor-column elementor-col-33 elementor-top-column elementor-element elementor-element-deccc04\" data-id=\"deccc04\" data-element_type=\"column\" data-e-type=\"column\">\n\t\t\t<div class=\"elementor-widget-wrap elementor-element-populated\">\n\t\t\t\t\t\t<div class=\"elementor-element elementor-element-afb2d4c elementor-widget elementor-widget-heading\" data-id=\"afb2d4c\" data-element_type=\"widget\" data-e-type=\"widget\" data-widget_type=\"heading.default\">\n\t\t\t\t<div class=\"elementor-widget-container\">\n\t\t\t\t\t<h2 class=\"elementor-heading-title elementor-size-default\">Matematik<\/h2>\t\t\t\t<\/div>\n\t\t\t\t<\/div>\n\t\t\t\t<div class=\"elementor-element elementor-element-edbed32 elementor-widget elementor-widget-text-editor\" data-id=\"edbed32\" data-element_type=\"widget\" data-e-type=\"widget\" data-widget_type=\"text-editor.default\">\n\t\t\t\t<div class=\"elementor-widget-container\">\n\t\t\t\t\t\t\t\t\t<p><b>Anv\u00e4ndbara hemsidor:\u00a0<\/b><\/p><p><a href=\"https:\/\/www.wolframalpha.com\/\">Wolfram Alpha\u00a0<\/a><\/p><p><a href=\"http:\/\/matematik.wikidot.com\/\">Rogers Wikimath\u00a0<\/a><\/p><p><a href=\"https:\/\/www.geogebra.org\/classic?lang=sv\">Geogebra\u00a0<\/a><\/p><p><a href=\"https:\/\/www.desmos.com\/calculator?lang=sv-SE\">Desmos<\/a>\u00a0<\/p><p><a href=\"https:\/\/www.matteboken.se\/\">Matteboken\u00a0<\/a><\/p><p><a href=\"https:\/\/www.youtube.com\/channel\/UCpblAe2VRIoSaXuoR2I1mGw\">Daniel Barkers youtube\u00a0<\/a><\/p><p><a href=\"https:\/\/www.youtube.com\/c\/MindYourDecisions\">Mind your decision &#8211; Youtube<\/a><\/p><p><a href=\"https:\/\/www.youtube.com\/c\/numberphile\">Numberphile &#8211; Youtube<\/a>\u00a0<\/p><p><a href=\"http:\/\/www.problemnet.n.nu\/\">Henrik Peterssons probleml\u00f6sning\u00a0<\/a><\/p><p>\u00a0<\/p>\t\t\t\t\t\t\t\t<\/div>\n\t\t\t\t<\/div>\n\t\t\t\t\t<\/div>\n\t\t<\/div>\n\t\t\t\t<div class=\"elementor-column elementor-col-33 elementor-top-column elementor-element elementor-element-76f10e6\" data-id=\"76f10e6\" data-element_type=\"column\" data-e-type=\"column\">\n\t\t\t<div class=\"elementor-widget-wrap elementor-element-populated\">\n\t\t\t\t\t\t<div class=\"elementor-element elementor-element-df59bb6 elementor-widget elementor-widget-heading\" data-id=\"df59bb6\" data-element_type=\"widget\" data-e-type=\"widget\" data-widget_type=\"heading.default\">\n\t\t\t\t<div class=\"elementor-widget-container\">\n\t\t\t\t\t<h2 class=\"elementor-heading-title elementor-size-default\">Historia<\/h2>\t\t\t\t<\/div>\n\t\t\t\t<\/div>\n\t\t\t\t<div class=\"elementor-element elementor-element-72eff89 elementor-widget elementor-widget-text-editor\" data-id=\"72eff89\" data-element_type=\"widget\" data-e-type=\"widget\" data-widget_type=\"text-editor.default\">\n\t\t\t\t<div class=\"elementor-widget-container\">\n\t\t\t\t\t\t\t\t\t<p><b>Anv\u00e4ndbara hemsidor:<\/b><\/p>\n<p><a href=\"https:\/\/sheg.stanford.edu\/\">Stanford history education group&nbsp;<\/a><\/p>\n<p><a href=\"https:\/\/sok.riksarkivet.se\/\">Riksarkivet<\/a>&nbsp;<\/p><p><a href=\"https:\/\/www.youtube.com\/c\/OverSimplified\/videos\">Oversimplified &#8211; Youtube<\/a><\/p>\n<p><b>Anv\u00e4ndbara podcasts:&nbsp;<\/b><\/p>\n<p><a href=\"https:\/\/sverigesradio.se\/p3historia\">P3 Historia&nbsp;<\/a><\/p>\n<p><a href=\"https:\/\/podcasts.nu\/poddar\/historiepodden\">Historiepodden&nbsp;<\/a><\/p>\n<p><a href=\"https:\/\/historia.nu\/\">Historia Nu&nbsp;<\/a><\/p>\t\t\t\t\t\t\t\t<\/div>\n\t\t\t\t<\/div>\n\t\t\t\t\t<\/div>\n\t\t<\/div>\n\t\t\t\t<div class=\"elementor-column elementor-col-33 elementor-top-column elementor-element elementor-element-29920f0\" data-id=\"29920f0\" data-element_type=\"column\" data-e-type=\"column\">\n\t\t\t<div class=\"elementor-widget-wrap elementor-element-populated\">\n\t\t\t\t\t\t<div class=\"elementor-element elementor-element-d9ee456 elementor-widget elementor-widget-heading\" data-id=\"d9ee456\" data-element_type=\"widget\" data-e-type=\"widget\" data-widget_type=\"heading.default\">\n\t\t\t\t<div class=\"elementor-widget-container\">\n\t\t\t\t\t<h2 class=\"elementor-heading-title elementor-size-default\">Filosofi <\/h2>\t\t\t\t<\/div>\n\t\t\t\t<\/div>\n\t\t\t\t<div class=\"elementor-element elementor-element-a8a1c6e elementor-widget elementor-widget-text-editor\" data-id=\"a8a1c6e\" data-element_type=\"widget\" data-e-type=\"widget\" data-widget_type=\"text-editor.default\">\n\t\t\t\t<div class=\"elementor-widget-container\">\n\t\t\t\t\t\t\t\t\t<p style=\"font-size: 16px; font-style: normal; font-weight: 400;\"><span style=\"font-weight: bold;\">Anv\u00e4ndbara hemsidor:<\/span><\/p>\n<p style=\"font-size: 16px; font-style: normal;\"><a href=\"https:\/\/plato.stanford.edu\/\">Stanford Philosophy<\/a><\/p>\n<p style=\"font-size: 16px; font-style: normal;\"><a href=\"https:\/\/www.philosophybasics.com\/\">Basic Philosophy&nbsp;<\/a><\/p><p style=\"font-size: 16px; font-style: normal;\"><a href=\"https:\/\/www.youtube.com\/watch?v=SWlUKJIMge4&amp;list=PLwxNMb28XmpeypJMHfNbJ4RAFkRtmAN3P&amp;ab_channel=TheSchoolofLife\">School of life &#8211; Filosofi &#8211; Youtube<\/a><\/p>\n<p style=\"font-size: 16px; font-style: normal; font-weight: 400;\"><span style=\"font-weight: bold;\">Anv\u00e4ndbara podcasts:&nbsp;<\/span><\/p>\n<p style=\"font-size: 16px; font-style: normal;\"><a href=\"https:\/\/soundcloud.com\/filosofisk-podcast\">Filosofisk podcast<\/a><\/p>\n<p style=\"font-size: 16px; font-style: normal;\"><a href=\"https:\/\/soundcloud.com\/user-37204585\">Om filosofers liv och tankar&nbsp;<\/a><\/p>\n<p style=\"font-size: 16px; font-style: normal;\"><a href=\"https:\/\/sverigesradio.se\/filosofiskarummet\">Filosofiska rummet&nbsp;<\/a><\/p>\t\t\t\t\t\t\t\t<\/div>\n\t\t\t\t<\/div>\n\t\t\t\t\t<\/div>\n\t\t<\/div>\n\t\t\t\t\t<\/div>\n\t\t<\/section>\n\t\t\t\t<\/div>\n\t\t","protected":false},"excerpt":{"rendered":"<p>Anv\u00e4ndbara hemsidor och informationsk\u00e4llor Matematik Anv\u00e4ndbara hemsidor:\u00a0 Wolfram Alpha\u00a0 Rogers Wikimath\u00a0 Geogebra\u00a0 Desmos\u00a0 Matteboken\u00a0 Daniel Barkers youtube\u00a0 Mind your decision &#8211; Youtube Numberphile &#8211; Youtube\u00a0 Henrik Peterssons probleml\u00f6sning\u00a0 \u00a0 Historia Anv\u00e4ndbara hemsidor: Stanford history education group&nbsp; Riksarkivet&nbsp; Oversimplified &#8211; Youtube Anv\u00e4ndbara podcasts:&nbsp; P3 Historia&nbsp; Historiepodden&nbsp; Historia Nu&nbsp; Filosofi Anv\u00e4ndbara hemsidor: Stanford Philosophy Basic Philosophy&nbsp; School [&hellip;]<\/p>\n","protected":false},"author":1,"featured_media":0,"parent":0,"menu_order":0,"comment_status":"closed","ping_status":"closed","template":"","meta":{"om_disable_all_campaigns":false,"_uag_custom_page_level_css":"","_monsterinsights_skip_tracking":false,"_monsterinsights_sitenote_active":false,"_monsterinsights_sitenote_note":"","_monsterinsights_sitenote_category":0,"site-sidebar-layout":"no-sidebar","site-content-layout":"page-builder","ast-site-content-layout":"default","site-content-style":"default","site-sidebar-style":"default","ast-global-header-display":"","ast-banner-title-visibility":"","ast-main-header-display":"","ast-hfb-above-header-display":"","ast-hfb-below-header-display":"","ast-hfb-mobile-header-display":"","site-post-title":"disabled","ast-breadcrumbs-content":"","ast-featured-img":"disabled","footer-sml-layout":"","ast-disable-related-posts":"","theme-transparent-header-meta":"","adv-header-id-meta":"","stick-header-meta":"","header-above-stick-meta":"","header-main-stick-meta":"","header-below-stick-meta":"","astra-migrate-meta-layouts":"default","ast-page-background-enabled":"default","ast-page-background-meta":{"desktop":{"background-color":"","background-image":"","background-repeat":"repeat","background-position":"center center","background-size":"auto","background-attachment":"scroll","background-type":"","background-media":"","overlay-type":"","overlay-color":"","overlay-opacity":"","overlay-gradient":""},"tablet":{"background-color":"","background-image":"","background-repeat":"repeat","background-position":"center center","background-size":"auto","background-attachment":"scroll","background-type":"","background-media":"","overlay-type":"","overlay-color":"","overlay-opacity":"","overlay-gradient":""},"mobile":{"background-color":"","background-image":"","background-repeat":"repeat","background-position":"center center","background-size":"auto","background-attachment":"scroll","background-type":"","background-media":"","overlay-type":"","overlay-color":"","overlay-opacity":"","overlay-gradient":""}},"ast-content-background-meta":{"desktop":{"background-color":"var(--ast-global-color-5)","background-image":"","background-repeat":"repeat","background-position":"center center","background-size":"auto","background-attachment":"scroll","background-type":"","background-media":"","overlay-type":"","overlay-color":"","overlay-opacity":"","overlay-gradient":""},"tablet":{"background-color":"var(--ast-global-color-5)","background-image":"","background-repeat":"repeat","background-position":"center center","background-size":"auto","background-attachment":"scroll","background-type":"","background-media":"","overlay-type":"","overlay-color":"","overlay-opacity":"","overlay-gradient":""},"mobile":{"background-color":"var(--ast-global-color-5)","background-image":"","background-repeat":"repeat","background-position":"center center","background-size":"auto","background-attachment":"scroll","background-type":"","background-media":"","overlay-type":"","overlay-color":"","overlay-opacity":"","overlay-gradient":""}},"footnotes":""},"class_list":["post-27310","page","type-page","status-publish","hentry"],"aioseo_notices":[],"uagb_featured_image_src":{"full":false,"thumbnail":false,"medium":false,"medium_large":false,"large":false,"1536x1536":false,"2048x2048":false},"uagb_author_info":{"display_name":"joji9555@hotmail.com","author_link":"https:\/\/mahifi.se\/?author=1"},"uagb_comment_info":0,"uagb_excerpt":"Anv\u00e4ndbara hemsidor och informationsk\u00e4llor Matematik Anv\u00e4ndbara hemsidor:\u00a0 Wolfram Alpha\u00a0 Rogers Wikimath\u00a0 Geogebra\u00a0 Desmos\u00a0 Matteboken\u00a0 Daniel Barkers youtube\u00a0 Mind your decision &#8211; Youtube Numberphile &#8211; Youtube\u00a0 Henrik Peterssons probleml\u00f6sning\u00a0 \u00a0 Historia Anv\u00e4ndbara hemsidor: Stanford history education group&nbsp; Riksarkivet&nbsp; Oversimplified &#8211; Youtube Anv\u00e4ndbara podcasts:&nbsp; P3 Historia&nbsp; Historiepodden&nbsp; Historia Nu&nbsp; Filosofi Anv\u00e4ndbara hemsidor: Stanford Philosophy Basic Philosophy&nbsp; School&hellip;","_links":{"self":[{"href":"https:\/\/mahifi.se\/index.php?rest_route=\/wp\/v2\/pages\/27310","targetHints":{"allow":["GET"]}}],"collection":[{"href":"https:\/\/mahifi.se\/index.php?rest_route=\/wp\/v2\/pages"}],"about":[{"href":"https:\/\/mahifi.se\/index.php?rest_route=\/wp\/v2\/types\/page"}],"author":[{"embeddable":true,"href":"https:\/\/mahifi.se\/index.php?rest_route=\/wp\/v2\/users\/1"}],"replies":[{"embeddable":true,"href":"https:\/\/mahifi.se\/index.php?rest_route=%2Fwp%2Fv2%2Fcomments&post=27310"}],"version-history":[{"count":28,"href":"https:\/\/mahifi.se\/index.php?rest_route=\/wp\/v2\/pages\/27310\/revisions"}],"predecessor-version":[{"id":29420,"href":"https:\/\/mahifi.se\/index.php?rest_route=\/wp\/v2\/pages\/27310\/revisions\/29420"}],"wp:attachment":[{"href":"https:\/\/mahifi.se\/index.php?rest_route=%2Fwp%2Fv2%2Fmedia&parent=27310"}],"curies":[{"name":"wp","href":"https:\/\/api.w.org\/{rel}","templated":true}]}}