{"id":26948,"date":"2022-06-16T18:12:01","date_gmt":"2022-06-16T16:12:01","guid":{"rendered":"https:\/\/mahifi.se\/?page_id=26948"},"modified":"2024-10-07T08:14:52","modified_gmt":"2024-10-07T06:14:52","slug":"medeltiden-och-renassans","status":"publish","type":"page","link":"https:\/\/mahifi.se\/?page_id=26948","title":{"rendered":"Genomg\u00e5ng: Medeltiden och ren\u00e4ssans"},"content":{"rendered":"\t\t<div data-elementor-type=\"wp-page\" data-elementor-id=\"26948\" class=\"elementor elementor-26948\">\n\t\t\t\t\t\t<section class=\"elementor-section elementor-top-section elementor-element elementor-element-ea89ea8 elementor-section-boxed elementor-section-height-default elementor-section-height-default\" data-id=\"ea89ea8\" data-element_type=\"section\" data-e-type=\"section\" data-settings=\"{&quot;background_background&quot;:&quot;classic&quot;}\">\n\t\t\t\t\t\t<div class=\"elementor-container elementor-column-gap-default\">\n\t\t\t\t\t<div class=\"elementor-column elementor-col-100 elementor-top-column elementor-element elementor-element-02fa3bb\" data-id=\"02fa3bb\" data-element_type=\"column\" data-e-type=\"column\">\n\t\t\t<div class=\"elementor-widget-wrap elementor-element-populated\">\n\t\t\t\t\t\t<div class=\"elementor-element elementor-element-90ef825 elementor-widget elementor-widget-heading\" data-id=\"90ef825\" data-element_type=\"widget\" data-e-type=\"widget\" data-widget_type=\"heading.default\">\n\t\t\t\t<div class=\"elementor-widget-container\">\n\t\t\t\t\t<h2 class=\"elementor-heading-title elementor-size-default\"><a href=\"https:\/\/mahifi.se\/?page_id=25786\">Genomg\u00e5ngar: Medeltiden och ren\u00e4ssans <\/a><\/h2>\t\t\t\t<\/div>\n\t\t\t\t<\/div>\n\t\t\t\t\t<\/div>\n\t\t<\/div>\n\t\t\t\t\t<\/div>\n\t\t<\/section>\n\t\t\t\t<section class=\"elementor-section elementor-top-section elementor-element elementor-element-aeebbe2 elementor-section-boxed elementor-section-height-default elementor-section-height-default\" data-id=\"aeebbe2\" data-element_type=\"section\" data-e-type=\"section\">\n\t\t\t\t\t\t<div class=\"elementor-container elementor-column-gap-default\">\n\t\t\t\t\t<div class=\"elementor-column elementor-col-50 elementor-top-column elementor-element elementor-element-bd75b10\" data-id=\"bd75b10\" data-element_type=\"column\" data-e-type=\"column\">\n\t\t\t<div class=\"elementor-widget-wrap elementor-element-populated\">\n\t\t\t\t\t\t<div class=\"elementor-element elementor-element-fcbabcd elementor-align-center elementor-widget elementor-widget-button\" data-id=\"fcbabcd\" data-element_type=\"widget\" data-e-type=\"widget\" data-widget_type=\"button.default\">\n\t\t\t\t<div class=\"elementor-widget-container\">\n\t\t\t\t\t\t\t\t\t<div class=\"elementor-button-wrapper\">\n\t\t\t\t\t<a class=\"elementor-button elementor-button-link elementor-size-sm\" href=\"https:\/\/mahifi.se\/wp-content\/uploads\/2022\/09\/Kinas-historia-500-1200.pptx\" target=\"_blank\">\n\t\t\t\t\t\t<span class=\"elementor-button-content-wrapper\">\n\t\t\t\t\t\t\t\t\t<span class=\"elementor-button-text\">Kinas medeltid <\/span>\n\t\t\t\t\t<\/span>\n\t\t\t\t\t<\/a>\n\t\t\t\t<\/div>\n\t\t\t\t\t\t\t\t<\/div>\n\t\t\t\t<\/div>\n\t\t\t\t<div class=\"elementor-element elementor-element-7b60b72 elementor-align-center elementor-widget elementor-widget-button\" data-id=\"7b60b72\" data-element_type=\"widget\" data-e-type=\"widget\" data-widget_type=\"button.default\">\n\t\t\t\t<div class=\"elementor-widget-container\">\n\t\t\t\t\t\t\t\t\t<div class=\"elementor-button-wrapper\">\n\t\t\t\t\t<a class=\"elementor-button elementor-button-link elementor-size-sm\" href=\"https:\/\/mahifi.se\/wp-content\/uploads\/2024\/07\/Japans-medeltid.pptx\" target=\"_blank\">\n\t\t\t\t\t\t<span class=\"elementor-button-content-wrapper\">\n\t\t\t\t\t\t\t\t\t<span class=\"elementor-button-text\">Japans medeltid <\/span>\n\t\t\t\t\t<\/span>\n\t\t\t\t\t<\/a>\n\t\t\t\t<\/div>\n\t\t\t\t\t\t\t\t<\/div>\n\t\t\t\t<\/div>\n\t\t\t\t<div class=\"elementor-element elementor-element-4a006bb elementor-align-center elementor-widget elementor-widget-button\" data-id=\"4a006bb\" data-element_type=\"widget\" data-e-type=\"widget\" data-widget_type=\"button.default\">\n\t\t\t\t<div class=\"elementor-widget-container\">\n\t\t\t\t\t\t\t\t\t<div class=\"elementor-button-wrapper\">\n\t\t\t\t\t<a class=\"elementor-button elementor-button-link elementor-size-sm\" href=\"https:\/\/mahifi.se\/wp-content\/uploads\/2022\/06\/Mellanostern-guldalder.pptx\" target=\"_blank\">\n\t\t\t\t\t\t<span class=\"elementor-button-content-wrapper\">\n\t\t\t\t\t\t\t\t\t<span class=\"elementor-button-text\">Mellan\u00f6sterns medeltid<\/span>\n\t\t\t\t\t<\/span>\n\t\t\t\t\t<\/a>\n\t\t\t\t<\/div>\n\t\t\t\t\t\t\t\t<\/div>\n\t\t\t\t<\/div>\n\t\t\t\t<div class=\"elementor-element elementor-element-c82759a elementor-align-center elementor-widget elementor-widget-button\" data-id=\"c82759a\" data-element_type=\"widget\" data-e-type=\"widget\" data-widget_type=\"button.default\">\n\t\t\t\t<div class=\"elementor-widget-container\">\n\t\t\t\t\t\t\t\t\t<div class=\"elementor-button-wrapper\">\n\t\t\t\t\t<a class=\"elementor-button elementor-button-link elementor-size-sm\" href=\"https:\/\/mahifi.se\/wp-content\/uploads\/2022\/10\/Kristendomen-under-Medeltiden.pptx\" target=\"_blank\">\n\t\t\t\t\t\t<span class=\"elementor-button-content-wrapper\">\n\t\t\t\t\t\t\t\t\t<span class=\"elementor-button-text\">Kristendomen under medeltidens Europa<\/span>\n\t\t\t\t\t<\/span>\n\t\t\t\t\t<\/a>\n\t\t\t\t<\/div>\n\t\t\t\t\t\t\t\t<\/div>\n\t\t\t\t<\/div>\n\t\t\t\t<div class=\"elementor-element elementor-element-169739e elementor-align-center elementor-widget elementor-widget-button\" data-id=\"169739e\" data-element_type=\"widget\" data-e-type=\"widget\" data-widget_type=\"button.default\">\n\t\t\t\t<div class=\"elementor-widget-container\">\n\t\t\t\t\t\t\t\t\t<div class=\"elementor-button-wrapper\">\n\t\t\t\t\t<a class=\"elementor-button elementor-button-link elementor-size-sm\" href=\"https:\/\/mahifi.se\/wp-content\/uploads\/2022\/10\/Feodalismen-Medeltiden.pptx\" target=\"_blank\">\n\t\t\t\t\t\t<span class=\"elementor-button-content-wrapper\">\n\t\t\t\t\t\t\t\t\t<span class=\"elementor-button-text\">Feodalismen under medeltidens Europa<\/span>\n\t\t\t\t\t<\/span>\n\t\t\t\t\t<\/a>\n\t\t\t\t<\/div>\n\t\t\t\t\t\t\t\t<\/div>\n\t\t\t\t<\/div>\n\t\t\t\t<div class=\"elementor-element elementor-element-fc441bf elementor-align-center elementor-widget elementor-widget-button\" data-id=\"fc441bf\" data-element_type=\"widget\" data-e-type=\"widget\" data-widget_type=\"button.default\">\n\t\t\t\t<div class=\"elementor-widget-container\">\n\t\t\t\t\t\t\t\t\t<div class=\"elementor-button-wrapper\">\n\t\t\t\t\t<a class=\"elementor-button elementor-button-link elementor-size-sm\" href=\"https:\/\/mahifi.se\/wp-content\/uploads\/2024\/10\/Kyrkans-kris-och-reformationen.pptx\" target=\"_blank\">\n\t\t\t\t\t\t<span class=\"elementor-button-content-wrapper\">\n\t\t\t\t\t\t\t\t\t<span class=\"elementor-button-text\">Kyrkans kris och Reformationen <\/span>\n\t\t\t\t\t<\/span>\n\t\t\t\t\t<\/a>\n\t\t\t\t<\/div>\n\t\t\t\t\t\t\t\t<\/div>\n\t\t\t\t<\/div>\n\t\t\t\t<div class=\"elementor-element elementor-element-3be9cad elementor-align-center elementor-widget elementor-widget-button\" data-id=\"3be9cad\" data-element_type=\"widget\" data-e-type=\"widget\" data-widget_type=\"button.default\">\n\t\t\t\t<div class=\"elementor-widget-container\">\n\t\t\t\t\t\t\t\t\t<div class=\"elementor-button-wrapper\">\n\t\t\t\t\t<a class=\"elementor-button elementor-button-link elementor-size-sm\" href=\"https:\/\/mahifi.se\/wp-content\/uploads\/2024\/10\/Renassansen-och-inledningen-av-den-vetenskapliga-revolutionen.pptx\" target=\"_blank\">\n\t\t\t\t\t\t<span class=\"elementor-button-content-wrapper\">\n\t\t\t\t\t\t\t\t\t<span class=\"elementor-button-text\">Ren\u00e4ssansen och inledningen av den vetenskapliga revolutionen <\/span>\n\t\t\t\t\t<\/span>\n\t\t\t\t\t<\/a>\n\t\t\t\t<\/div>\n\t\t\t\t\t\t\t\t<\/div>\n\t\t\t\t<\/div>\n\t\t\t\t<div class=\"elementor-element elementor-element-1fb2d54 elementor-align-center elementor-widget elementor-widget-button\" data-id=\"1fb2d54\" data-element_type=\"widget\" data-e-type=\"widget\" data-widget_type=\"button.default\">\n\t\t\t\t<div class=\"elementor-widget-container\">\n\t\t\t\t\t\t\t\t\t<div class=\"elementor-button-wrapper\">\n\t\t\t\t\t<a class=\"elementor-button elementor-button-link elementor-size-sm\" href=\"https:\/\/mahifi.se\/wp-content\/uploads\/2022\/10\/Europa-upptacker-varlden-1.pptx\" target=\"_blank\">\n\t\t\t\t\t\t<span class=\"elementor-button-content-wrapper\">\n\t\t\t\t\t\t\t\t\t<span class=\"elementor-button-text\">Europa uppt\u00e4cker v\u00e4rlden<\/span>\n\t\t\t\t\t<\/span>\n\t\t\t\t\t<\/a>\n\t\t\t\t<\/div>\n\t\t\t\t\t\t\t\t<\/div>\n\t\t\t\t<\/div>\n\t\t\t\t<div class=\"elementor-element elementor-element-473d076 elementor-align-center elementor-widget elementor-widget-button\" data-id=\"473d076\" data-element_type=\"widget\" data-e-type=\"widget\" data-widget_type=\"button.default\">\n\t\t\t\t<div class=\"elementor-widget-container\">\n\t\t\t\t\t\t\t\t\t<div class=\"elementor-button-wrapper\">\n\t\t\t\t\t<a class=\"elementor-button elementor-button-link elementor-size-sm\" href=\"https:\/\/mahifi.se\/wp-content\/uploads\/2022\/11\/Nya-stormakterna-och-dess-styrka.pptx\" target=\"_blank\">\n\t\t\t\t\t\t<span class=\"elementor-button-content-wrapper\">\n\t\t\t\t\t\t\t\t\t<span class=\"elementor-button-text\">Nya stormakterna och dess styrka<\/span>\n\t\t\t\t\t<\/span>\n\t\t\t\t\t<\/a>\n\t\t\t\t<\/div>\n\t\t\t\t\t\t\t\t<\/div>\n\t\t\t\t<\/div>\n\t\t\t\t\t<\/div>\n\t\t<\/div>\n\t\t\t\t<div class=\"elementor-column elementor-col-50 elementor-top-column elementor-element elementor-element-b5b7414\" data-id=\"b5b7414\" data-element_type=\"column\" data-e-type=\"column\">\n\t\t\t<div class=\"elementor-widget-wrap elementor-element-populated\">\n\t\t\t\t\t\t<div class=\"elementor-element elementor-element-f1b98ed elementor-widget elementor-widget-image\" data-id=\"f1b98ed\" data-element_type=\"widget\" data-e-type=\"widget\" data-widget_type=\"image.default\">\n\t\t\t\t<div class=\"elementor-widget-container\">\n\t\t\t\t\t\t\t\t\t\t\t\t\t\t\t<img fetchpriority=\"high\" decoding=\"async\" width=\"1024\" height=\"754\" src=\"https:\/\/mahifi.se\/wp-content\/uploads\/2022\/06\/Ska\u0308rmavbild-2022-06-16-kl.-17.59.52-1024x754.png\" class=\"attachment-large size-large wp-image-26951\" alt=\"\" srcset=\"https:\/\/mahifi.se\/wp-content\/uploads\/2022\/06\/Ska\u0308rmavbild-2022-06-16-kl.-17.59.52-1024x754.png 1024w, https:\/\/mahifi.se\/wp-content\/uploads\/2022\/06\/Ska\u0308rmavbild-2022-06-16-kl.-17.59.52-300x221.png 300w, https:\/\/mahifi.se\/wp-content\/uploads\/2022\/06\/Ska\u0308rmavbild-2022-06-16-kl.-17.59.52-768x565.png 768w, https:\/\/mahifi.se\/wp-content\/uploads\/2022\/06\/Ska\u0308rmavbild-2022-06-16-kl.-17.59.52-1536x1131.png 1536w, https:\/\/mahifi.se\/wp-content\/uploads\/2022\/06\/Ska\u0308rmavbild-2022-06-16-kl.-17.59.52.png 1690w\" sizes=\"(max-width: 1024px) 100vw, 1024px\" \/>\t\t\t\t\t\t\t\t\t\t\t\t\t\t\t<\/div>\n\t\t\t\t<\/div>\n\t\t\t\t<div class=\"elementor-element elementor-element-b35e6b3 elementor-widget elementor-widget-text-editor\" data-id=\"b35e6b3\" data-element_type=\"widget\" data-e-type=\"widget\" data-widget_type=\"text-editor.default\">\n\t\t\t\t<div class=\"elementor-widget-container\">\n\t\t\t\t\t\t\t\t\t<p>Utanf\u00f6r FN:s kontor i Wien finns ett monument som Iran sk\u00e4nkte till FN 2009. Monumentet f\u00f6rest\u00e4ller 4 medeltida persiska intellektuella: <a href=\"https:\/\/sv.wikipedia.org\/wiki\/Razi\" target=\"_blank\" rel=\"noopener\"><b>Al-Razi<\/b><\/a> som \u00e4r k\u00e4nd f\u00f6r bland annat kemi och l\u00e4kekonst. <a href=\"https:\/\/sv.wikipedia.org\/wiki\/Avicenna\" target=\"_blank\" rel=\"noopener\"><b>Ibn-Sina<\/b><\/a> som bland annat skrev ett av de viktigaste b\u00f6ckerna i medicin under medeltiden n\u00e4mligen Canon. Den var ett standardverk f\u00f6r l\u00e4kare fram till 1700-talet i \u00e4ven Europa. <a href=\"https:\/\/sv.wikipedia.org\/wiki\/Biruni\" target=\"_blank\" rel=\"noopener\"><b>Al-Biruni<\/b><\/a> som var ett universalgeni som framf\u00f6rallt \u00e4r k\u00e4nd numera f\u00f6r att ha gjort analyser och j\u00e4mf\u00f6relser av religioner och samh\u00e4llen. <a href=\"https:\/\/sv.wikipedia.org\/wiki\/Omar_Khayyam\" target=\"_blank\" rel=\"noopener\"><b>Omar Khayyam<\/b><\/a> blev k\u00e4nd i Europa f\u00f6r sina dikter som \u00f6versattes under 1800-talet men han var ocks\u00e5 en framst\u00e5ende matematiker och astronom som bland annat visade p\u00e5 att ett \u00e5r \u00e4r ungef\u00e4r 365.25 dagar. Han menade allts\u00e5 att vi beh\u00f6vde inf\u00f6ra skott\u00e5r som vi fortfarande har idag. Det h\u00e4r synligg\u00f6r hur m\u00e5nga betydande t\u00e4nkare som fanns i Mellan\u00f6stern och det Abbasidiska riket under Europas medeltid.\u00a0<\/p>\t\t\t\t\t\t\t\t<\/div>\n\t\t\t\t<\/div>\n\t\t\t\t\t<\/div>\n\t\t<\/div>\n\t\t\t\t\t<\/div>\n\t\t<\/section>\n\t\t\t\t<\/div>\n\t\t","protected":false},"excerpt":{"rendered":"<p>Genomg\u00e5ngar: Medeltiden och ren\u00e4ssans Kinas medeltid Japans medeltid Mellan\u00f6sterns medeltid Kristendomen under medeltidens Europa Feodalismen under medeltidens Europa Kyrkans kris och Reformationen Ren\u00e4ssansen och inledningen av den vetenskapliga revolutionen Europa uppt\u00e4cker v\u00e4rlden Nya stormakterna och dess styrka Utanf\u00f6r FN:s kontor i Wien finns ett monument som Iran sk\u00e4nkte till FN 2009. Monumentet f\u00f6rest\u00e4ller 4 medeltida [&hellip;]<\/p>\n","protected":false},"author":1,"featured_media":0,"parent":0,"menu_order":0,"comment_status":"closed","ping_status":"closed","template":"","meta":{"om_disable_all_campaigns":false,"_uag_custom_page_level_css":"","_monsterinsights_skip_tracking":false,"_monsterinsights_sitenote_active":false,"_monsterinsights_sitenote_note":"","_monsterinsights_sitenote_category":0,"site-sidebar-layout":"no-sidebar","site-content-layout":"page-builder","ast-site-content-layout":"default","site-content-style":"default","site-sidebar-style":"default","ast-global-header-display":"","ast-banner-title-visibility":"","ast-main-header-display":"","ast-hfb-above-header-display":"","ast-hfb-below-header-display":"","ast-hfb-mobile-header-display":"","site-post-title":"disabled","ast-breadcrumbs-content":"","ast-featured-img":"disabled","footer-sml-layout":"","ast-disable-related-posts":"","theme-transparent-header-meta":"","adv-header-id-meta":"","stick-header-meta":"","header-above-stick-meta":"","header-main-stick-meta":"","header-below-stick-meta":"","astra-migrate-meta-layouts":"default","ast-page-background-enabled":"default","ast-page-background-meta":{"desktop":{"background-color":"","background-image":"","background-repeat":"repeat","background-position":"center center","background-size":"auto","background-attachment":"scroll","background-type":"","background-media":"","overlay-type":"","overlay-color":"","overlay-opacity":"","overlay-gradient":""},"tablet":{"background-color":"","background-image":"","background-repeat":"repeat","background-position":"center center","background-size":"auto","background-attachment":"scroll","background-type":"","background-media":"","overlay-type":"","overlay-color":"","overlay-opacity":"","overlay-gradient":""},"mobile":{"background-color":"","background-image":"","background-repeat":"repeat","background-position":"center center","background-size":"auto","background-attachment":"scroll","background-type":"","background-media":"","overlay-type":"","overlay-color":"","overlay-opacity":"","overlay-gradient":""}},"ast-content-background-meta":{"desktop":{"background-color":"var(--ast-global-color-5)","background-image":"","background-repeat":"repeat","background-position":"center center","background-size":"auto","background-attachment":"scroll","background-type":"","background-media":"","overlay-type":"","overlay-color":"","overlay-opacity":"","overlay-gradient":""},"tablet":{"background-color":"var(--ast-global-color-5)","background-image":"","background-repeat":"repeat","background-position":"center center","background-size":"auto","background-attachment":"scroll","background-type":"","background-media":"","overlay-type":"","overlay-color":"","overlay-opacity":"","overlay-gradient":""},"mobile":{"background-color":"var(--ast-global-color-5)","background-image":"","background-repeat":"repeat","background-position":"center center","background-size":"auto","background-attachment":"scroll","background-type":"","background-media":"","overlay-type":"","overlay-color":"","overlay-opacity":"","overlay-gradient":""}},"footnotes":""},"class_list":["post-26948","page","type-page","status-publish","hentry"],"aioseo_notices":[],"uagb_featured_image_src":{"full":false,"thumbnail":false,"medium":false,"medium_large":false,"large":false,"1536x1536":false,"2048x2048":false},"uagb_author_info":{"display_name":"joji9555@hotmail.com","author_link":"https:\/\/mahifi.se\/?author=1"},"uagb_comment_info":0,"uagb_excerpt":"Genomg\u00e5ngar: Medeltiden och ren\u00e4ssans Kinas medeltid Japans medeltid Mellan\u00f6sterns medeltid Kristendomen under medeltidens Europa Feodalismen under medeltidens Europa Kyrkans kris och Reformationen Ren\u00e4ssansen och inledningen av den vetenskapliga revolutionen Europa uppt\u00e4cker v\u00e4rlden Nya stormakterna och dess styrka Utanf\u00f6r FN:s kontor i Wien finns ett monument som Iran sk\u00e4nkte till FN 2009. Monumentet f\u00f6rest\u00e4ller 4 medeltida&hellip;","_links":{"self":[{"href":"https:\/\/mahifi.se\/index.php?rest_route=\/wp\/v2\/pages\/26948","targetHints":{"allow":["GET"]}}],"collection":[{"href":"https:\/\/mahifi.se\/index.php?rest_route=\/wp\/v2\/pages"}],"about":[{"href":"https:\/\/mahifi.se\/index.php?rest_route=\/wp\/v2\/types\/page"}],"author":[{"embeddable":true,"href":"https:\/\/mahifi.se\/index.php?rest_route=\/wp\/v2\/users\/1"}],"replies":[{"embeddable":true,"href":"https:\/\/mahifi.se\/index.php?rest_route=%2Fwp%2Fv2%2Fcomments&post=26948"}],"version-history":[{"count":68,"href":"https:\/\/mahifi.se\/index.php?rest_route=\/wp\/v2\/pages\/26948\/revisions"}],"predecessor-version":[{"id":33451,"href":"https:\/\/mahifi.se\/index.php?rest_route=\/wp\/v2\/pages\/26948\/revisions\/33451"}],"wp:attachment":[{"href":"https:\/\/mahifi.se\/index.php?rest_route=%2Fwp%2Fv2%2Fmedia&parent=26948"}],"curies":[{"name":"wp","href":"https:\/\/api.w.org\/{rel}","templated":true}]}}