{"id":152,"date":"2021-05-18T01:54:43","date_gmt":"2021-05-18T01:54:43","guid":{"rendered":"https:\/\/mahifi.se\/?page_id=152"},"modified":"2024-08-11T20:55:43","modified_gmt":"2024-08-11T18:55:43","slug":"about","status":"publish","type":"page","link":"https:\/\/mahifi.se\/?page_id=152","title":{"rendered":"Om Mahifi"},"content":{"rendered":"\t\t<div data-elementor-type=\"wp-page\" data-elementor-id=\"152\" class=\"elementor elementor-152\">\n\t\t\t\t\t\t<section class=\"elementor-section elementor-top-section elementor-element elementor-element-d8e3e6c elementor-section-boxed elementor-section-height-default elementor-section-height-default\" data-id=\"d8e3e6c\" data-element_type=\"section\" data-e-type=\"section\" data-settings=\"{&quot;background_background&quot;:&quot;classic&quot;}\">\n\t\t\t\t\t\t<div class=\"elementor-container elementor-column-gap-default\">\n\t\t\t\t\t<div class=\"elementor-column elementor-col-100 elementor-top-column elementor-element elementor-element-d493257\" data-id=\"d493257\" data-element_type=\"column\" data-e-type=\"column\">\n\t\t\t<div class=\"elementor-widget-wrap elementor-element-populated\">\n\t\t\t\t\t\t<div class=\"elementor-element elementor-element-66db2aa elementor-widget elementor-widget-heading\" data-id=\"66db2aa\" data-element_type=\"widget\" data-e-type=\"widget\" data-widget_type=\"heading.default\">\n\t\t\t\t<div class=\"elementor-widget-container\">\n\t\t\t\t\t<h2 class=\"elementor-heading-title elementor-size-default\">Om Mahifi<\/h2>\t\t\t\t<\/div>\n\t\t\t\t<\/div>\n\t\t\t\t\t<\/div>\n\t\t<\/div>\n\t\t\t\t\t<\/div>\n\t\t<\/section>\n\t\t\t\t<section class=\"elementor-section elementor-top-section elementor-element elementor-element-2f102cd elementor-section-boxed elementor-section-height-default elementor-section-height-default\" data-id=\"2f102cd\" data-element_type=\"section\" data-e-type=\"section\">\n\t\t\t\t\t\t<div class=\"elementor-container elementor-column-gap-default\">\n\t\t\t\t\t<div class=\"elementor-column elementor-col-50 elementor-top-column elementor-element elementor-element-af78a9d\" data-id=\"af78a9d\" data-element_type=\"column\" data-e-type=\"column\">\n\t\t\t<div class=\"elementor-widget-wrap elementor-element-populated\">\n\t\t\t\t\t\t<div class=\"elementor-element elementor-element-df3fac9 elementor-widget elementor-widget-text-editor\" data-id=\"df3fac9\" data-element_type=\"widget\" data-e-type=\"widget\" data-widget_type=\"text-editor.default\">\n\t\t\t\t<div class=\"elementor-widget-container\">\n\t\t\t\t\t\t\t\t\t<p style=\"font-size: 25px; font-style: normal; font-weight: 400; color: #020101;\">Mahifi \u00e4r f\u00f6r elever p\u00e5 gymnasiet och h\u00f6gstadiet som vill ha material och uppgifter i matematik, historia och filosofi.\u00a0<\/p><p style=\"font-size: 25px; font-style: normal; font-weight: 400; color: #020101;\">Hemsidan \u00e4r fylld med olika uppgifter, genomg\u00e5ngar, \u00f6vningar och roliga fakta som kan vara anv\u00e4ndbara n\u00e4r man pluggar, planerar undervisning eller beh\u00f6ver material.\u00a0<\/p><p style=\"font-size: 25px; font-style: normal; font-weight: 400; color: #020101;\">St\u00f6rre delen av materialet p\u00e5 hemsidan \u00e4r egenproducerat och f\u00e5r anv\u00e4ndas i utbildningssyfte av b\u00e5de l\u00e4rare och elever.\u00a0<\/p><p style=\"font-size: 25px; font-style: normal; font-weight: 400; color: #020101;\">Hemsidan \u00e4r helt ideell och \u00e4r f\u00f6r mig ett verktyg f\u00f6r att samla mitt material och skapa en god struktur f\u00f6r min undervisning.<\/p>\t\t\t\t\t\t\t\t<\/div>\n\t\t\t\t<\/div>\n\t\t\t\t\t<\/div>\n\t\t<\/div>\n\t\t\t\t<div class=\"elementor-column elementor-col-50 elementor-top-column elementor-element elementor-element-5314cda\" data-id=\"5314cda\" data-element_type=\"column\" data-e-type=\"column\">\n\t\t\t<div class=\"elementor-widget-wrap elementor-element-populated\">\n\t\t\t\t\t\t<div class=\"elementor-element elementor-element-9df4829 elementor-widget elementor-widget-text-editor\" data-id=\"9df4829\" data-element_type=\"widget\" data-e-type=\"widget\" data-widget_type=\"text-editor.default\">\n\t\t\t\t<div class=\"elementor-widget-container\">\n\t\t\t\t\t\t\t\t\t<p>Jag som ligger bakom Mahifi heter Joakim Jidestr\u00f6m. Jag \u00e4r beh\u00f6rig \u00e4mnesl\u00e4rare i matematik, historia och filosofi. Jag tog \u00e4mnesl\u00e4rarexamen i historia och matematik 2020 p\u00e5 G\u00f6teborgs universitet och ut\u00f6kade sedan min beh\u00f6righet under 2020-2021 med filosofi. Under min f\u00f6rsta tid som l\u00e4rare har jag insett v\u00e4rdet i att dela med sig av material och g\u00f6ra det l\u00e4ttillg\u00e4ngligt f\u00f6r elever och kollegor och Mahifi \u00e4r mitt s\u00e4tt att hj\u00e4lpa till med material f\u00f6r att kunna f\u00f6rb\u00e4ttra undervisningen i mina \u00e4mnen.\u00a0<\/p><p>Om du vill kontakta mig med kommentarer, fr\u00e5gor eller \u00f6nskem\u00e5l kan du g\u00e5 in till <a href=\"https:\/\/mahifi.se\/?page_id=155\">Kontakt<\/a>.\u00a0<\/p><p>\u00a0<\/p>\t\t\t\t\t\t\t\t<\/div>\n\t\t\t\t<\/div>\n\t\t\t\t\t<\/div>\n\t\t<\/div>\n\t\t\t\t\t<\/div>\n\t\t<\/section>\n\t\t\t\t<\/div>\n\t\t","protected":false},"excerpt":{"rendered":"<p>Om Mahifi Mahifi \u00e4r f\u00f6r elever p\u00e5 gymnasiet och h\u00f6gstadiet som vill ha material och uppgifter i matematik, historia och filosofi.\u00a0 Hemsidan \u00e4r fylld med olika uppgifter, genomg\u00e5ngar, \u00f6vningar och roliga fakta som kan vara anv\u00e4ndbara n\u00e4r man pluggar, planerar undervisning eller beh\u00f6ver material.\u00a0 St\u00f6rre delen av materialet p\u00e5 hemsidan \u00e4r egenproducerat och f\u00e5r anv\u00e4ndas [&hellip;]<\/p>\n","protected":false},"author":1,"featured_media":0,"parent":0,"menu_order":0,"comment_status":"closed","ping_status":"closed","template":"","meta":{"om_disable_all_campaigns":false,"_uag_custom_page_level_css":"","_monsterinsights_skip_tracking":false,"_monsterinsights_sitenote_active":false,"_monsterinsights_sitenote_note":"","_monsterinsights_sitenote_category":0,"site-sidebar-layout":"no-sidebar","site-content-layout":"page-builder","ast-site-content-layout":"default","site-content-style":"default","site-sidebar-style":"default","ast-global-header-display":"","ast-banner-title-visibility":"","ast-main-header-display":"","ast-hfb-above-header-display":"","ast-hfb-below-header-display":"","ast-hfb-mobile-header-display":"","site-post-title":"disabled","ast-breadcrumbs-content":"disabled","ast-featured-img":"disabled","footer-sml-layout":"","ast-disable-related-posts":"","theme-transparent-header-meta":"default","adv-header-id-meta":"","stick-header-meta":"","header-above-stick-meta":"","header-main-stick-meta":"","header-below-stick-meta":"","astra-migrate-meta-layouts":"default","ast-page-background-enabled":"default","ast-page-background-meta":{"desktop":{"background-color":"","background-image":"","background-repeat":"repeat","background-position":"center center","background-size":"auto","background-attachment":"scroll","background-type":"","background-media":"","overlay-type":"","overlay-color":"","overlay-opacity":"","overlay-gradient":""},"tablet":{"background-color":"","background-image":"","background-repeat":"repeat","background-position":"center center","background-size":"auto","background-attachment":"scroll","background-type":"","background-media":"","overlay-type":"","overlay-color":"","overlay-opacity":"","overlay-gradient":""},"mobile":{"background-color":"","background-image":"","background-repeat":"repeat","background-position":"center center","background-size":"auto","background-attachment":"scroll","background-type":"","background-media":"","overlay-type":"","overlay-color":"","overlay-opacity":"","overlay-gradient":""}},"ast-content-background-meta":{"desktop":{"background-color":"var(--ast-global-color-5)","background-image":"","background-repeat":"repeat","background-position":"center center","background-size":"auto","background-attachment":"scroll","background-type":"","background-media":"","overlay-type":"","overlay-color":"","overlay-opacity":"","overlay-gradient":""},"tablet":{"background-color":"var(--ast-global-color-5)","background-image":"","background-repeat":"repeat","background-position":"center center","background-size":"auto","background-attachment":"scroll","background-type":"","background-media":"","overlay-type":"","overlay-color":"","overlay-opacity":"","overlay-gradient":""},"mobile":{"background-color":"var(--ast-global-color-5)","background-image":"","background-repeat":"repeat","background-position":"center center","background-size":"auto","background-attachment":"scroll","background-type":"","background-media":"","overlay-type":"","overlay-color":"","overlay-opacity":"","overlay-gradient":""}},"footnotes":""},"class_list":["post-152","page","type-page","status-publish","hentry"],"aioseo_notices":[],"uagb_featured_image_src":{"full":false,"thumbnail":false,"medium":false,"medium_large":false,"large":false,"1536x1536":false,"2048x2048":false},"uagb_author_info":{"display_name":"joji9555@hotmail.com","author_link":"https:\/\/mahifi.se\/?author=1"},"uagb_comment_info":0,"uagb_excerpt":"Om Mahifi Mahifi \u00e4r f\u00f6r elever p\u00e5 gymnasiet och h\u00f6gstadiet som vill ha material och uppgifter i matematik, historia och filosofi.\u00a0 Hemsidan \u00e4r fylld med olika uppgifter, genomg\u00e5ngar, \u00f6vningar och roliga fakta som kan vara anv\u00e4ndbara n\u00e4r man pluggar, planerar undervisning eller beh\u00f6ver material.\u00a0 St\u00f6rre delen av materialet p\u00e5 hemsidan \u00e4r egenproducerat och f\u00e5r anv\u00e4ndas&hellip;","_links":{"self":[{"href":"https:\/\/mahifi.se\/index.php?rest_route=\/wp\/v2\/pages\/152","targetHints":{"allow":["GET"]}}],"collection":[{"href":"https:\/\/mahifi.se\/index.php?rest_route=\/wp\/v2\/pages"}],"about":[{"href":"https:\/\/mahifi.se\/index.php?rest_route=\/wp\/v2\/types\/page"}],"author":[{"embeddable":true,"href":"https:\/\/mahifi.se\/index.php?rest_route=\/wp\/v2\/users\/1"}],"replies":[{"embeddable":true,"href":"https:\/\/mahifi.se\/index.php?rest_route=%2Fwp%2Fv2%2Fcomments&post=152"}],"version-history":[{"count":63,"href":"https:\/\/mahifi.se\/index.php?rest_route=\/wp\/v2\/pages\/152\/revisions"}],"predecessor-version":[{"id":33145,"href":"https:\/\/mahifi.se\/index.php?rest_route=\/wp\/v2\/pages\/152\/revisions\/33145"}],"wp:attachment":[{"href":"https:\/\/mahifi.se\/index.php?rest_route=%2Fwp%2Fv2%2Fmedia&parent=152"}],"curies":[{"name":"wp","href":"https:\/\/api.w.org\/{rel}","templated":true}]}}