{"id":13,"date":"2021-05-17T12:21:16","date_gmt":"2021-05-17T12:21:16","guid":{"rendered":"https:\/\/mahifi.se\/?page_id=13"},"modified":"2022-11-09T16:54:26","modified_gmt":"2022-11-09T14:54:26","slug":"home","status":"publish","type":"page","link":"https:\/\/mahifi.se\/","title":{"rendered":"Start"},"content":{"rendered":"\t\t<div data-elementor-type=\"wp-page\" data-elementor-id=\"13\" class=\"elementor elementor-13\">\n\t\t\t\t\t\t<section class=\"elementor-section elementor-top-section elementor-element elementor-element-4e270b3 elementor-section-boxed elementor-section-height-default elementor-section-height-default\" data-id=\"4e270b3\" data-element_type=\"section\" data-e-type=\"section\" data-settings=\"{&quot;background_background&quot;:&quot;classic&quot;}\">\n\t\t\t\t\t\t<div class=\"elementor-container elementor-column-gap-default\">\n\t\t\t\t\t<div class=\"elementor-column elementor-col-100 elementor-top-column elementor-element elementor-element-96915b7\" data-id=\"96915b7\" data-element_type=\"column\" data-e-type=\"column\">\n\t\t\t<div class=\"elementor-widget-wrap elementor-element-populated\">\n\t\t\t\t\t\t<div class=\"elementor-element elementor-element-b12180d elementor-widget elementor-widget-heading\" data-id=\"b12180d\" data-element_type=\"widget\" data-e-type=\"widget\" data-widget_type=\"heading.default\">\n\t\t\t\t<div class=\"elementor-widget-container\">\n\t\t\t\t\t<h2 class=\"elementor-heading-title elementor-size-default\">V\u00e4lkommen till Mahifi  <\/h2>\t\t\t\t<\/div>\n\t\t\t\t<\/div>\n\t\t\t\t\t<\/div>\n\t\t<\/div>\n\t\t\t\t\t<\/div>\n\t\t<\/section>\n\t\t\t\t<section class=\"elementor-section elementor-top-section elementor-element elementor-element-4df4aad elementor-section-boxed elementor-section-height-default elementor-section-height-default\" data-id=\"4df4aad\" data-element_type=\"section\" data-e-type=\"section\" data-settings=\"{&quot;background_background&quot;:&quot;classic&quot;}\">\n\t\t\t\t\t\t<div class=\"elementor-container elementor-column-gap-default\">\n\t\t\t\t\t<div class=\"elementor-column elementor-col-100 elementor-top-column elementor-element elementor-element-95d600d\" data-id=\"95d600d\" data-element_type=\"column\" data-e-type=\"column\">\n\t\t\t<div class=\"elementor-widget-wrap elementor-element-populated\">\n\t\t\t\t\t\t<div class=\"elementor-element elementor-element-b7bcf75 elementor-widget elementor-widget-text-editor\" data-id=\"b7bcf75\" data-element_type=\"widget\" data-e-type=\"widget\" data-widget_type=\"text-editor.default\">\n\t\t\t\t<div class=\"elementor-widget-container\">\n\t\t\t\t\t\t\t\t\t<p>En hemsida f\u00f6r matematik, historia och filosofi&nbsp;&#8211; \u00d6vningar, uppgifter, genomg\u00e5ngar och rolig fakta f\u00f6r elever och l\u00e4rare<\/p>\t\t\t\t\t\t\t\t<\/div>\n\t\t\t\t<\/div>\n\t\t\t\t\t<\/div>\n\t\t<\/div>\n\t\t\t\t\t<\/div>\n\t\t<\/section>\n\t\t\t\t<section class=\"elementor-section elementor-top-section elementor-element elementor-element-7b58e4d elementor-section-boxed elementor-section-height-default elementor-section-height-default\" data-id=\"7b58e4d\" data-element_type=\"section\" data-e-type=\"section\" data-settings=\"{&quot;background_background&quot;:&quot;classic&quot;}\">\n\t\t\t\t\t\t<div class=\"elementor-container elementor-column-gap-no\">\n\t\t\t\t\t<div class=\"elementor-column elementor-col-100 elementor-top-column elementor-element elementor-element-b22c65b\" data-id=\"b22c65b\" data-element_type=\"column\" data-e-type=\"column\">\n\t\t\t<div class=\"elementor-widget-wrap elementor-element-populated\">\n\t\t\t\t\t\t<div class=\"elementor-element elementor-element-489bb27 elementor-widget__width-initial elementor-widget-mobile__width-inherit elementor-position-top elementor-widget elementor-widget-image-box\" data-id=\"489bb27\" data-element_type=\"widget\" data-e-type=\"widget\" data-widget_type=\"image-box.default\">\n\t\t\t\t<div class=\"elementor-widget-container\">\n\t\t\t\t\t<div class=\"elementor-image-box-wrapper\"><figure class=\"elementor-image-box-img\"><a href=\"https:\/\/mahifi.se\/?page_id=25729\" tabindex=\"-1\"><img fetchpriority=\"high\" decoding=\"async\" width=\"768\" height=\"1024\" src=\"https:\/\/mahifi.se\/wp-content\/uploads\/2022\/06\/IMG_1501-768x1024.jpg\" class=\"attachment-large size-large wp-image-25718\" alt=\"\" srcset=\"https:\/\/mahifi.se\/wp-content\/uploads\/2022\/06\/IMG_1501-768x1024.jpg 768w, https:\/\/mahifi.se\/wp-content\/uploads\/2022\/06\/IMG_1501-225x300.jpg 225w, https:\/\/mahifi.se\/wp-content\/uploads\/2022\/06\/IMG_1501-1152x1536.jpg 1152w, https:\/\/mahifi.se\/wp-content\/uploads\/2022\/06\/IMG_1501-1536x2048.jpg 1536w, https:\/\/mahifi.se\/wp-content\/uploads\/2022\/06\/IMG_1501-scaled.jpg 1920w\" sizes=\"(max-width: 768px) 100vw, 768px\" \/><\/a><\/figure><div class=\"elementor-image-box-content\"><h4 class=\"elementor-image-box-title\"><a href=\"https:\/\/mahifi.se\/?page_id=25729\">Matematik <\/a><\/h4><p class=\"elementor-image-box-description\">\u00d6vningsprov, \u00f6vningsuppgifter, sv\u00e5rare uppgifter, nationella prov osv.<\/p><\/div><\/div>\t\t\t\t<\/div>\n\t\t\t\t<\/div>\n\t\t\t\t<div class=\"elementor-element elementor-element-d60a51c elementor-widget__width-initial elementor-widget-mobile__width-inherit elementor-position-top elementor-widget elementor-widget-image-box\" data-id=\"d60a51c\" data-element_type=\"widget\" data-e-type=\"widget\" data-widget_type=\"image-box.default\">\n\t\t\t\t<div class=\"elementor-widget-container\">\n\t\t\t\t\t<div class=\"elementor-image-box-wrapper\"><figure class=\"elementor-image-box-img\"><a href=\"https:\/\/mahifi.se\/?page_id=25748\" tabindex=\"-1\"><img decoding=\"async\" width=\"768\" height=\"1152\" src=\"https:\/\/mahifi.se\/wp-content\/uploads\/2022\/06\/canyon-landmark-petra-4358577-768x1152.jpg\" class=\"attachment-medium_large size-medium_large wp-image-25837\" alt=\"canyon, landmark, petra-4358577.jpg\" srcset=\"https:\/\/mahifi.se\/wp-content\/uploads\/2022\/06\/canyon-landmark-petra-4358577-768x1152.jpg 768w, https:\/\/mahifi.se\/wp-content\/uploads\/2022\/06\/canyon-landmark-petra-4358577-200x300.jpg 200w, https:\/\/mahifi.se\/wp-content\/uploads\/2022\/06\/canyon-landmark-petra-4358577-682x1024.jpg 682w, https:\/\/mahifi.se\/wp-content\/uploads\/2022\/06\/canyon-landmark-petra-4358577.jpg 853w\" sizes=\"(max-width: 768px) 100vw, 768px\" \/><\/a><\/figure><div class=\"elementor-image-box-content\"><h4 class=\"elementor-image-box-title\"><a href=\"https:\/\/mahifi.se\/?page_id=25748\">Historia<\/a><\/h4><p class=\"elementor-image-box-description\">K\u00e4ll\u00f6vningar, genomg\u00e5ngar, historiebruk, b\u00f6cker osv. \n\n<\/p><\/div><\/div>\t\t\t\t<\/div>\n\t\t\t\t<\/div>\n\t\t\t\t<div class=\"elementor-element elementor-element-d7df602 elementor-widget__width-initial elementor-widget-mobile__width-inherit elementor-position-top elementor-widget elementor-widget-image-box\" data-id=\"d7df602\" data-element_type=\"widget\" data-e-type=\"widget\" data-widget_type=\"image-box.default\">\n\t\t\t\t<div class=\"elementor-widget-container\">\n\t\t\t\t\t<div class=\"elementor-image-box-wrapper\"><figure class=\"elementor-image-box-img\"><a href=\"https:\/\/mahifi.se\/?page_id=25764\" tabindex=\"-1\"><img decoding=\"async\" width=\"1024\" height=\"1280\" src=\"https:\/\/mahifi.se\/wp-content\/uploads\/2022\/06\/the-thinker-sculpture-auguste-rodin-5240391.png\" class=\"attachment-full size-full wp-image-25721\" alt=\"the thinker, sculpture, auguste rodin-5240391.jpg\" srcset=\"https:\/\/mahifi.se\/wp-content\/uploads\/2022\/06\/the-thinker-sculpture-auguste-rodin-5240391.png 1024w, https:\/\/mahifi.se\/wp-content\/uploads\/2022\/06\/the-thinker-sculpture-auguste-rodin-5240391-240x300.png 240w, https:\/\/mahifi.se\/wp-content\/uploads\/2022\/06\/the-thinker-sculpture-auguste-rodin-5240391-819x1024.png 819w, https:\/\/mahifi.se\/wp-content\/uploads\/2022\/06\/the-thinker-sculpture-auguste-rodin-5240391-768x960.png 768w\" sizes=\"(max-width: 1024px) 100vw, 1024px\" \/><\/a><\/figure><div class=\"elementor-image-box-content\"><h4 class=\"elementor-image-box-title\"><a href=\"https:\/\/mahifi.se\/?page_id=25764\">Filosofi<\/a><\/h4><p class=\"elementor-image-box-description\">\u00d6vningar, genomg\u00e5ngar, sv\u00e5ra filosofiska fr\u00e5gor osv. \n<\/p><\/div><\/div>\t\t\t\t<\/div>\n\t\t\t\t<\/div>\n\t\t\t\t<div class=\"elementor-element elementor-element-f331f7b elementor-widget__width-initial elementor-widget-mobile__width-inherit elementor-position-top elementor-widget elementor-widget-image-box\" data-id=\"f331f7b\" data-element_type=\"widget\" data-e-type=\"widget\" data-widget_type=\"image-box.default\">\n\t\t\t\t<div class=\"elementor-widget-container\">\n\t\t\t\t\t<div class=\"elementor-image-box-wrapper\"><figure class=\"elementor-image-box-img\"><a href=\"https:\/\/mahifi.se\/?page_id=27328\" tabindex=\"-1\"><img loading=\"lazy\" decoding=\"async\" width=\"368\" height=\"368\" src=\"https:\/\/mahifi.se\/wp-content\/uploads\/2022\/06\/school-template-curriculum-img-4.jpg\" class=\"attachment-full size-full wp-image-25863\" alt=\"\" srcset=\"https:\/\/mahifi.se\/wp-content\/uploads\/2022\/06\/school-template-curriculum-img-4.jpg 368w, https:\/\/mahifi.se\/wp-content\/uploads\/2022\/06\/school-template-curriculum-img-4-300x300.jpg 300w, https:\/\/mahifi.se\/wp-content\/uploads\/2022\/06\/school-template-curriculum-img-4-150x150.jpg 150w\" sizes=\"(max-width: 368px) 100vw, 368px\" \/><\/a><\/figure><div class=\"elementor-image-box-content\"><h4 class=\"elementor-image-box-title\"><a href=\"https:\/\/mahifi.se\/?page_id=27328\">Boktips <\/a><\/h4><p class=\"elementor-image-box-description\">Bra b\u00f6cker f\u00f6r den intresserade \n\n<\/p><\/div><\/div>\t\t\t\t<\/div>\n\t\t\t\t<\/div>\n\t\t\t\t<div class=\"elementor-element elementor-element-f7d5c9d elementor-widget__width-initial elementor-widget-mobile__width-inherit elementor-position-top elementor-widget elementor-widget-image-box\" data-id=\"f7d5c9d\" data-element_type=\"widget\" data-e-type=\"widget\" data-widget_type=\"image-box.default\">\n\t\t\t\t<div class=\"elementor-widget-container\">\n\t\t\t\t\t<div class=\"elementor-image-box-wrapper\"><figure class=\"elementor-image-box-img\"><a href=\"https:\/\/mahifi.se\/?page_id=27310\" tabindex=\"-1\"><img loading=\"lazy\" decoding=\"async\" width=\"1280\" height=\"1280\" src=\"https:\/\/mahifi.se\/wp-content\/uploads\/2022\/06\/website-web-webpage-6699086.png\" class=\"attachment-full size-full wp-image-27303\" alt=\"website, web, webpage-6699086.jpg\" srcset=\"https:\/\/mahifi.se\/wp-content\/uploads\/2022\/06\/website-web-webpage-6699086.png 1280w, https:\/\/mahifi.se\/wp-content\/uploads\/2022\/06\/website-web-webpage-6699086-300x300.png 300w, https:\/\/mahifi.se\/wp-content\/uploads\/2022\/06\/website-web-webpage-6699086-1024x1024.png 1024w, https:\/\/mahifi.se\/wp-content\/uploads\/2022\/06\/website-web-webpage-6699086-150x150.png 150w, https:\/\/mahifi.se\/wp-content\/uploads\/2022\/06\/website-web-webpage-6699086-768x768.png 768w\" sizes=\"(max-width: 1280px) 100vw, 1280px\" \/><\/a><\/figure><div class=\"elementor-image-box-content\"><h4 class=\"elementor-image-box-title\"><a href=\"https:\/\/mahifi.se\/?page_id=27310\">Anv\u00e4ndbara hemsidor och informationsk\u00e4llor<\/a><\/h4><p class=\"elementor-image-box-description\">Andra anv\u00e4ndbara hemsidor och informationsk\u00e4llor\n\n<\/p><\/div><\/div>\t\t\t\t<\/div>\n\t\t\t\t<\/div>\n\t\t\t\t<div class=\"elementor-element elementor-element-0be8b3c elementor-widget__width-initial elementor-widget-mobile__width-inherit elementor-position-top elementor-widget elementor-widget-image-box\" data-id=\"0be8b3c\" data-element_type=\"widget\" data-e-type=\"widget\" data-widget_type=\"image-box.default\">\n\t\t\t\t<div class=\"elementor-widget-container\">\n\t\t\t\t\t<div class=\"elementor-image-box-wrapper\"><figure class=\"elementor-image-box-img\"><a href=\"https:\/\/mahifi.se\/?page_id=27523\" tabindex=\"-1\"><img loading=\"lazy\" decoding=\"async\" width=\"368\" height=\"368\" src=\"https:\/\/mahifi.se\/wp-content\/uploads\/2022\/06\/school-template-curriculum-img-6.jpg\" class=\"attachment-full size-full wp-image-25865\" alt=\"\" srcset=\"https:\/\/mahifi.se\/wp-content\/uploads\/2022\/06\/school-template-curriculum-img-6.jpg 368w, https:\/\/mahifi.se\/wp-content\/uploads\/2022\/06\/school-template-curriculum-img-6-300x300.jpg 300w, https:\/\/mahifi.se\/wp-content\/uploads\/2022\/06\/school-template-curriculum-img-6-150x150.jpg 150w\" sizes=\"(max-width: 368px) 100vw, 368px\" \/><\/a><\/figure><div class=\"elementor-image-box-content\"><h4 class=\"elementor-image-box-title\"><a href=\"https:\/\/mahifi.se\/?page_id=27523\">P\u00e5g\u00e5ende kurser <\/a><\/h4><p class=\"elementor-image-box-description\">Kurserna jag undervisar i just nu - Finns \u00e4ven som snabbl\u00e4nkar \u00f6verst p\u00e5 sidan<\/p><\/div><\/div>\t\t\t\t<\/div>\n\t\t\t\t<\/div>\n\t\t\t\t\t<\/div>\n\t\t<\/div>\n\t\t\t\t\t<\/div>\n\t\t<\/section>\n\t\t\t\t<\/div>\n\t\t","protected":false},"excerpt":{"rendered":"<p>V\u00e4lkommen till Mahifi En hemsida f\u00f6r matematik, historia och filosofi&nbsp;&#8211; \u00d6vningar, uppgifter, genomg\u00e5ngar och rolig fakta f\u00f6r elever och l\u00e4rare Matematik \u00d6vningsprov, \u00f6vningsuppgifter, sv\u00e5rare uppgifter, nationella prov osv. Historia K\u00e4ll\u00f6vningar, genomg\u00e5ngar, historiebruk, b\u00f6cker osv. Filosofi \u00d6vningar, genomg\u00e5ngar, sv\u00e5ra filosofiska fr\u00e5gor osv. Boktips Bra b\u00f6cker f\u00f6r den intresserade Anv\u00e4ndbara hemsidor och informationsk\u00e4llor Andra anv\u00e4ndbara hemsidor och [&hellip;]<\/p>\n","protected":false},"author":1,"featured_media":0,"parent":0,"menu_order":0,"comment_status":"closed","ping_status":"closed","template":"","meta":{"om_disable_all_campaigns":false,"_uag_custom_page_level_css":"","_monsterinsights_skip_tracking":false,"_monsterinsights_sitenote_active":false,"_monsterinsights_sitenote_note":"","_monsterinsights_sitenote_category":0,"site-sidebar-layout":"no-sidebar","site-content-layout":"page-builder","ast-site-content-layout":"default","site-content-style":"default","site-sidebar-style":"default","ast-global-header-display":"","ast-banner-title-visibility":"","ast-main-header-display":"","ast-hfb-above-header-display":"","ast-hfb-below-header-display":"","ast-hfb-mobile-header-display":"","site-post-title":"disabled","ast-breadcrumbs-content":"disabled","ast-featured-img":"disabled","footer-sml-layout":"","ast-disable-related-posts":"","theme-transparent-header-meta":"default","adv-header-id-meta":"","stick-header-meta":"","header-above-stick-meta":"","header-main-stick-meta":"","header-below-stick-meta":"","astra-migrate-meta-layouts":"default","ast-page-background-enabled":"default","ast-page-background-meta":{"desktop":{"background-color":"","background-image":"","background-repeat":"repeat","background-position":"center center","background-size":"auto","background-attachment":"scroll","background-type":"","background-media":"","overlay-type":"","overlay-color":"","overlay-opacity":"","overlay-gradient":""},"tablet":{"background-color":"","background-image":"","background-repeat":"repeat","background-position":"center center","background-size":"auto","background-attachment":"scroll","background-type":"","background-media":"","overlay-type":"","overlay-color":"","overlay-opacity":"","overlay-gradient":""},"mobile":{"background-color":"","background-image":"","background-repeat":"repeat","background-position":"center center","background-size":"auto","background-attachment":"scroll","background-type":"","background-media":"","overlay-type":"","overlay-color":"","overlay-opacity":"","overlay-gradient":""}},"ast-content-background-meta":{"desktop":{"background-color":"var(--ast-global-color-5)","background-image":"","background-repeat":"repeat","background-position":"center center","background-size":"auto","background-attachment":"scroll","background-type":"","background-media":"","overlay-type":"","overlay-color":"","overlay-opacity":"","overlay-gradient":""},"tablet":{"background-color":"var(--ast-global-color-5)","background-image":"","background-repeat":"repeat","background-position":"center center","background-size":"auto","background-attachment":"scroll","background-type":"","background-media":"","overlay-type":"","overlay-color":"","overlay-opacity":"","overlay-gradient":""},"mobile":{"background-color":"var(--ast-global-color-5)","background-image":"","background-repeat":"repeat","background-position":"center center","background-size":"auto","background-attachment":"scroll","background-type":"","background-media":"","overlay-type":"","overlay-color":"","overlay-opacity":"","overlay-gradient":""}},"footnotes":""},"class_list":["post-13","page","type-page","status-publish","hentry"],"aioseo_notices":[],"uagb_featured_image_src":{"full":false,"thumbnail":false,"medium":false,"medium_large":false,"large":false,"1536x1536":false,"2048x2048":false},"uagb_author_info":{"display_name":"joji9555@hotmail.com","author_link":"https:\/\/mahifi.se\/?author=1"},"uagb_comment_info":0,"uagb_excerpt":"V\u00e4lkommen till Mahifi En hemsida f\u00f6r matematik, historia och filosofi&nbsp;&#8211; \u00d6vningar, uppgifter, genomg\u00e5ngar och rolig fakta f\u00f6r elever och l\u00e4rare Matematik \u00d6vningsprov, \u00f6vningsuppgifter, sv\u00e5rare uppgifter, nationella prov osv. Historia K\u00e4ll\u00f6vningar, genomg\u00e5ngar, historiebruk, b\u00f6cker osv. Filosofi \u00d6vningar, genomg\u00e5ngar, sv\u00e5ra filosofiska fr\u00e5gor osv. Boktips Bra b\u00f6cker f\u00f6r den intresserade Anv\u00e4ndbara hemsidor och informationsk\u00e4llor Andra anv\u00e4ndbara hemsidor och&hellip;","_links":{"self":[{"href":"https:\/\/mahifi.se\/index.php?rest_route=\/wp\/v2\/pages\/13","targetHints":{"allow":["GET"]}}],"collection":[{"href":"https:\/\/mahifi.se\/index.php?rest_route=\/wp\/v2\/pages"}],"about":[{"href":"https:\/\/mahifi.se\/index.php?rest_route=\/wp\/v2\/types\/page"}],"author":[{"embeddable":true,"href":"https:\/\/mahifi.se\/index.php?rest_route=\/wp\/v2\/users\/1"}],"replies":[{"embeddable":true,"href":"https:\/\/mahifi.se\/index.php?rest_route=%2Fwp%2Fv2%2Fcomments&post=13"}],"version-history":[{"count":89,"href":"https:\/\/mahifi.se\/index.php?rest_route=\/wp\/v2\/pages\/13\/revisions"}],"predecessor-version":[{"id":28670,"href":"https:\/\/mahifi.se\/index.php?rest_route=\/wp\/v2\/pages\/13\/revisions\/28670"}],"wp:attachment":[{"href":"https:\/\/mahifi.se\/index.php?rest_route=%2Fwp%2Fv2%2Fmedia&parent=13"}],"curies":[{"name":"wp","href":"https:\/\/api.w.org\/{rel}","templated":true}]}}